{"id":109,"date":"2015-11-12T07:35:19","date_gmt":"2015-11-12T13:35:19","guid":{"rendered":"http:\/\/cidte.reduaz.mx\/web\/?page_id=109"},"modified":"2020-06-16T20:03:56","modified_gmt":"2020-06-17T02:03:56","slug":"m-i-t-c-salvador-ibarra-delgado","status":"publish","type":"page","link":"http:\/\/cidte.uaz.edu.mx\/web\/index.php\/equipo-de-trabajo\/m-i-t-c-salvador-ibarra-delgado\/","title":{"rendered":"M.I.T.C. Salvador Ibarra Delgado"},"content":{"rendered":"<p>Es ingeniero en Sistemas Electr\u00f3nicos egresado del Instituto Tecnol\u00f3gico y de Estudios Superiores de Monterrey, Campus Monterrey en el a\u00f1o de 1986. Obtuvo el grado de Maestro en Inform\u00e1tica y Tecnolog\u00edas Computacionales en julio del 2006 en la Universidad Aut\u00f3noma de Aguascalientes, Aguascalientes. Actualmente estudia el Doctorado en la Universidad de C\u00f3rdoba Espa\u00f1a.<\/p>\n<p>Se incorpor\u00f3 a la Universidad Aut\u00f3noma de Zacatecas (UAZ) en marzo de 1987, y es Profesor Investigador de tiempo completo adscrito a la Unidad Acad\u00e9mica de Ingenier\u00eda El\u00e9ctrica (UAIE) y miembro del Cuerpo Acad\u00e9mico de Comunicaciones y Electr\u00f3nica CA-201 el cual se encuentra en estado de formaci\u00f3n. Actualmente es profesor con perfil PROMEP de 2013 a 2016. Encargado de los laboratorios de Microprocesadores y Arquitectura de Computadoras.<\/p>\n<p>Es miembro del equipo del Centro de Investigaci\u00f3n, Innovaci\u00f3n y Desarrollo en TElecomunicaciones (CIDTE).<\/p>\n<p style=\"text-align: center;\"><a href=\"http:\/\/cidte.uaz.edu.mx\/web\/wp-content\/uploads\/2020\/06\/MITC.SalvadorIbarraDelgado.pdf\"><img loading=\"lazy\" class=\"alignnone wp-image-100\" src=\"http:\/\/cidte.reduaz.mx\/web\/wp-content\/uploads\/2015\/11\/pdf_logo.png\" alt=\"pdf_logo\" width=\"122\" height=\"122\" srcset=\"http:\/\/cidte.uaz.edu.mx\/web\/wp-content\/uploads\/2015\/11\/pdf_logo.png 256w, http:\/\/cidte.uaz.edu.mx\/web\/wp-content\/uploads\/2015\/11\/pdf_logo-150x150.png 150w, http:\/\/cidte.uaz.edu.mx\/web\/wp-content\/uploads\/2015\/11\/pdf_logo-100x100.png 100w, http:\/\/cidte.uaz.edu.mx\/web\/wp-content\/uploads\/2015\/11\/pdf_logo-200x200.png 200w\" sizes=\"(max-width: 122px) 100vw, 122px\" \/><\/a><\/p>\n","protected":false},"excerpt":{"rendered":"<p>Es ingeniero en Sistemas Electr\u00f3nicos egresado del Instituto Tecnol\u00f3gico y de Estudios Superiores de Monterrey, Campus Monterrey en el a\u00f1o de 1986. Obtuvo el grado de Maestro en Inform\u00e1tica y Tecnolog\u00edas Computacionales en julio del 2006 en la Universidad Aut\u00f3noma &hellip;<\/p>\n<p class=\"read-more\"> <a class=\"more-link\" href=\"http:\/\/cidte.uaz.edu.mx\/web\/index.php\/equipo-de-trabajo\/m-i-t-c-salvador-ibarra-delgado\/\"> <span class=\"screen-reader-text\">M.I.T.C. Salvador Ibarra Delgado<\/span> Leer m\u00e1s \u00bb<\/a><\/p>\n","protected":false},"author":1,"featured_media":0,"parent":43,"menu_order":79,"comment_status":"closed","ping_status":"closed","template":"full-width-page.php","meta":[],"_links":{"self":[{"href":"http:\/\/cidte.uaz.edu.mx\/web\/index.php\/wp-json\/wp\/v2\/pages\/109"}],"collection":[{"href":"http:\/\/cidte.uaz.edu.mx\/web\/index.php\/wp-json\/wp\/v2\/pages"}],"about":[{"href":"http:\/\/cidte.uaz.edu.mx\/web\/index.php\/wp-json\/wp\/v2\/types\/page"}],"author":[{"embeddable":true,"href":"http:\/\/cidte.uaz.edu.mx\/web\/index.php\/wp-json\/wp\/v2\/users\/1"}],"replies":[{"embeddable":true,"href":"http:\/\/cidte.uaz.edu.mx\/web\/index.php\/wp-json\/wp\/v2\/comments?post=109"}],"version-history":[{"count":6,"href":"http:\/\/cidte.uaz.edu.mx\/web\/index.php\/wp-json\/wp\/v2\/pages\/109\/revisions"}],"predecessor-version":[{"id":768,"href":"http:\/\/cidte.uaz.edu.mx\/web\/index.php\/wp-json\/wp\/v2\/pages\/109\/revisions\/768"}],"up":[{"embeddable":true,"href":"http:\/\/cidte.uaz.edu.mx\/web\/index.php\/wp-json\/wp\/v2\/pages\/43"}],"wp:attachment":[{"href":"http:\/\/cidte.uaz.edu.mx\/web\/index.php\/wp-json\/wp\/v2\/media?parent=109"}],"curies":[{"name":"wp","href":"https:\/\/api.w.org\/{rel}","templated":true}]}}