{"id":12,"date":"2015-11-09T08:41:06","date_gmt":"2015-11-09T14:41:06","guid":{"rendered":"http:\/\/cidte.reduaz.mx\/web\/?page_id=12"},"modified":"2020-06-17T17:08:40","modified_gmt":"2020-06-17T23:08:40","slug":"historia","status":"publish","type":"page","link":"http:\/\/cidte.uaz.edu.mx\/web\/index.php\/pagina-ejemplo\/historia\/","title":{"rendered":"Historia"},"content":{"rendered":"<p style=\"text-align: justify;\">El Centro de Investigaci\u00f3n, Innovaci\u00f3n y Desarrollo en TElecomunicaciones (CIDTE) es el primer centro de su tipo en el pa\u00eds, convirtiendo al Estado de Zacatecas en pionero en esta especialidad permitiendo el desarrollo de sistemas de comunicaciones inal\u00e1mbricas para el desarrollo de soluciones de conectividad de banda ancha satelital, una l\u00ednea de acci\u00f3n del Plan Nacional de Desarrollo 2013-2018.<\/p>\n<p style=\"text-align: justify;\">El CIDTE es una colaboraci\u00f3n conjunta de esfuerzos y voluntades entre el Gobierno del Estado de Zacatecas a trav\u00e9s del Consejo Zacatecano de Ciencia, Tecnolog\u00eda e innovaci\u00f3n (COZCyT), el Consejo Nacional de Ciencia y Tecnolog\u00eda (CONACYT), la Universidad Aut\u00f3noma de Zacatecas (UAZ) y la Agencia Espacial Mexicana (AEM), impulsado por el <b>Cuerpo Acad\u00e9mico &#8220;Comunicaciones y Electr\u00f3nica&#8221; UAZ-CA-201 de la Unidad Acad\u00e9mica de Ingenier\u00eda El\u00e9ctrica de la UAZ<\/b>, coordinado por el Dr. Jorge Flores Troncoso.<\/p>\n<p style=\"text-align: justify;\">Fue durante el 2\u00ba Congreso Nacional y 1er Congreso Latinoamericano de Ciencia y Tecnolog\u00eda Aeroespacial donde se hace la invitaci\u00f3n al Dr. Flores Troncoso para integrarse a un grupo de trabajo con el fin resolver un problema tecnol\u00f3gico de la Agencia Espacial Mexicana (AEM).<\/p>\n<p>El 5 de Febrero del 2013 se lleva a cabo el Acuerdo de Cooperaci\u00f3n para la creaci\u00f3n del laboratorio de la AEM en Zacatecas entre representantes de la AEM, de la UAZ y del COZCYT.<br \/>\n<img loading=\"lazy\" class=\"wp-image-150 aligncenter\" src=\"http:\/\/cidte.reduaz.mx\/web\/wp-content\/uploads\/2015\/11\/image1.png\" alt=\"image1\" width=\"299\" height=\"250\" srcset=\"http:\/\/cidte.uaz.edu.mx\/web\/wp-content\/uploads\/2015\/11\/image1.png 650w, http:\/\/cidte.uaz.edu.mx\/web\/wp-content\/uploads\/2015\/11\/image1-300x251.png 300w, http:\/\/cidte.uaz.edu.mx\/web\/wp-content\/uploads\/2015\/11\/image1-100x84.png 100w, http:\/\/cidte.uaz.edu.mx\/web\/wp-content\/uploads\/2015\/11\/image1-150x125.png 150w, http:\/\/cidte.uaz.edu.mx\/web\/wp-content\/uploads\/2015\/11\/image1-200x167.png 200w, http:\/\/cidte.uaz.edu.mx\/web\/wp-content\/uploads\/2015\/11\/image1-450x376.png 450w, http:\/\/cidte.uaz.edu.mx\/web\/wp-content\/uploads\/2015\/11\/image1-600x501.png 600w\" sizes=\"(max-width: 299px) 100vw, 299px\" \/><\/p>\n<p style=\"text-align: justify;\">El 14 de octubre del 2013 durante el marco de la XX Semana Nacional de la Ciencia y Tecnolog\u00eda (SNCyT), se firm\u00f3 el convenio de cooperaci\u00f3n con la Agencia Espacial Mexicana (AEM) para la creaci\u00f3n del Centro de Desarrollo de Tecnolog\u00eda Espacial de la entidad.<\/p>\n<p><a href=\"http:\/\/cidte.reduaz.mx\/web\/wp-content\/uploads\/2015\/11\/image2.png\"><img loading=\"lazy\" class=\"wp-image-149 aligncenter\" src=\"http:\/\/cidte.reduaz.mx\/web\/wp-content\/uploads\/2015\/11\/image2-1024x449.png\" alt=\"image2\" width=\"484\" height=\"212\" srcset=\"http:\/\/cidte.uaz.edu.mx\/web\/wp-content\/uploads\/2015\/11\/image2-1024x449.png 1024w, http:\/\/cidte.uaz.edu.mx\/web\/wp-content\/uploads\/2015\/11\/image2-300x132.png 300w, http:\/\/cidte.uaz.edu.mx\/web\/wp-content\/uploads\/2015\/11\/image2-100x44.png 100w, http:\/\/cidte.uaz.edu.mx\/web\/wp-content\/uploads\/2015\/11\/image2-150x66.png 150w, http:\/\/cidte.uaz.edu.mx\/web\/wp-content\/uploads\/2015\/11\/image2-200x88.png 200w, http:\/\/cidte.uaz.edu.mx\/web\/wp-content\/uploads\/2015\/11\/image2-450x197.png 450w, http:\/\/cidte.uaz.edu.mx\/web\/wp-content\/uploads\/2015\/11\/image2-600x263.png 600w, http:\/\/cidte.uaz.edu.mx\/web\/wp-content\/uploads\/2015\/11\/image2-900x395.png 900w, http:\/\/cidte.uaz.edu.mx\/web\/wp-content\/uploads\/2015\/11\/image2.png 1095w\" sizes=\"(max-width: 484px) 100vw, 484px\" \/> <\/a><\/p>\n<p style=\"text-align: justify;\">M\u00e1s tarde se lleva a cabo una reunion con el Rector de la Universidad Aut\u00f3noma de Zacatecas para realizar el convenio CIDTE-UAZ. Para el 9 de Febrero del 2014 se formaliza el apoyo para la primer fase del CIDTE por la cantidad de 10.1 millones de pesos recursos provenientes del Fondo Mixto de Fomento a la Investigaci\u00f3n Cient\u00edfica y Tecnol\u00f3gica que coordina el Consejo Zacatecano de Ciencia, Tecnolog\u00eda e Innovaci\u00f3n (COZCyT), as\u00ed como del CONACyT y del Gobierno de Zacatecas.<\/p>\n<p><a href=\"http:\/\/cidte.reduaz.mx\/web\/wp-content\/uploads\/2015\/11\/CIDTECOZCYT.png\"><br \/>\n<img loading=\"lazy\" class=\"aligncenter wp-image-155 \" src=\"http:\/\/cidte.reduaz.mx\/web\/wp-content\/uploads\/2015\/11\/CIDTECOZCYT.png\" alt=\"CIDTECOZCYT\" width=\"343\" height=\"229\" srcset=\"http:\/\/cidte.uaz.edu.mx\/web\/wp-content\/uploads\/2015\/11\/CIDTECOZCYT.png 662w, http:\/\/cidte.uaz.edu.mx\/web\/wp-content\/uploads\/2015\/11\/CIDTECOZCYT-300x200.png 300w, http:\/\/cidte.uaz.edu.mx\/web\/wp-content\/uploads\/2015\/11\/CIDTECOZCYT-100x67.png 100w, http:\/\/cidte.uaz.edu.mx\/web\/wp-content\/uploads\/2015\/11\/CIDTECOZCYT-150x100.png 150w, http:\/\/cidte.uaz.edu.mx\/web\/wp-content\/uploads\/2015\/11\/CIDTECOZCYT-200x134.png 200w, http:\/\/cidte.uaz.edu.mx\/web\/wp-content\/uploads\/2015\/11\/CIDTECOZCYT-450x300.png 450w, http:\/\/cidte.uaz.edu.mx\/web\/wp-content\/uploads\/2015\/11\/CIDTECOZCYT-600x401.png 600w\" sizes=\"(max-width: 343px) 100vw, 343px\" \/><\/a><\/p>\n<p style=\"text-align: justify;\">El 18 de marzo de 2015, se firm\u00f3 el convenio de colaboraci\u00f3n entre la UAZ y la AEM, con la finalidad de establecer el marco legal entre la AEM y la UAZ, que permita el desarrollo y la investigaci\u00f3n de proyectos tecnol\u00f3gicos en el \u00e1rea de las telecomunicaciones espaciales y fortalezca las actividades y apoyos que se han dado como es la creaci\u00f3n de este Centro.<\/p>\n<p><img loading=\"lazy\" class=\"aligncenter wp-image-152 \" src=\"http:\/\/cidte.reduaz.mx\/web\/wp-content\/uploads\/2015\/11\/04-inauguracion-cidte-aem-uaz1-1024x600.jpg\" alt=\"04-inauguracion-cidte-aem-uaz\" width=\"678\" height=\"397\" srcset=\"http:\/\/cidte.uaz.edu.mx\/web\/wp-content\/uploads\/2015\/11\/04-inauguracion-cidte-aem-uaz1.jpg 1024w, http:\/\/cidte.uaz.edu.mx\/web\/wp-content\/uploads\/2015\/11\/04-inauguracion-cidte-aem-uaz1-300x176.jpg 300w, http:\/\/cidte.uaz.edu.mx\/web\/wp-content\/uploads\/2015\/11\/04-inauguracion-cidte-aem-uaz1-100x59.jpg 100w, http:\/\/cidte.uaz.edu.mx\/web\/wp-content\/uploads\/2015\/11\/04-inauguracion-cidte-aem-uaz1-150x88.jpg 150w, http:\/\/cidte.uaz.edu.mx\/web\/wp-content\/uploads\/2015\/11\/04-inauguracion-cidte-aem-uaz1-200x117.jpg 200w, http:\/\/cidte.uaz.edu.mx\/web\/wp-content\/uploads\/2015\/11\/04-inauguracion-cidte-aem-uaz1-450x264.jpg 450w, http:\/\/cidte.uaz.edu.mx\/web\/wp-content\/uploads\/2015\/11\/04-inauguracion-cidte-aem-uaz1-600x352.jpg 600w, http:\/\/cidte.uaz.edu.mx\/web\/wp-content\/uploads\/2015\/11\/04-inauguracion-cidte-aem-uaz1-900x527.jpg 900w\" sizes=\"(max-width: 678px) 100vw, 678px\" \/><\/p>\n","protected":false},"excerpt":{"rendered":"<p>El Centro de Investigaci\u00f3n, Innovaci\u00f3n y Desarrollo en TElecomunicaciones (CIDTE) es el primer centro de su tipo en el pa\u00eds, convirtiendo al Estado de Zacatecas en pionero en esta especialidad permitiendo el desarrollo de sistemas de comunicaciones inal\u00e1mbricas para el &hellip;<\/p>\n<p class=\"read-more\"> <a class=\"more-link\" href=\"http:\/\/cidte.uaz.edu.mx\/web\/index.php\/pagina-ejemplo\/historia\/\"> <span class=\"screen-reader-text\">Historia<\/span> Leer m\u00e1s \u00bb<\/a><\/p>\n","protected":false},"author":1,"featured_media":0,"parent":2,"menu_order":1,"comment_status":"closed","ping_status":"closed","template":"full-width-page.php","meta":[],"_links":{"self":[{"href":"http:\/\/cidte.uaz.edu.mx\/web\/index.php\/wp-json\/wp\/v2\/pages\/12"}],"collection":[{"href":"http:\/\/cidte.uaz.edu.mx\/web\/index.php\/wp-json\/wp\/v2\/pages"}],"about":[{"href":"http:\/\/cidte.uaz.edu.mx\/web\/index.php\/wp-json\/wp\/v2\/types\/page"}],"author":[{"embeddable":true,"href":"http:\/\/cidte.uaz.edu.mx\/web\/index.php\/wp-json\/wp\/v2\/users\/1"}],"replies":[{"embeddable":true,"href":"http:\/\/cidte.uaz.edu.mx\/web\/index.php\/wp-json\/wp\/v2\/comments?post=12"}],"version-history":[{"count":14,"href":"http:\/\/cidte.uaz.edu.mx\/web\/index.php\/wp-json\/wp\/v2\/pages\/12\/revisions"}],"predecessor-version":[{"id":789,"href":"http:\/\/cidte.uaz.edu.mx\/web\/index.php\/wp-json\/wp\/v2\/pages\/12\/revisions\/789"}],"up":[{"embeddable":true,"href":"http:\/\/cidte.uaz.edu.mx\/web\/index.php\/wp-json\/wp\/v2\/pages\/2"}],"wp:attachment":[{"href":"http:\/\/cidte.uaz.edu.mx\/web\/index.php\/wp-json\/wp\/v2\/media?parent=12"}],"curies":[{"name":"wp","href":"https:\/\/api.w.org\/{rel}","templated":true}]}}