{"id":127,"date":"2015-11-17T12:47:28","date_gmt":"2015-11-17T18:47:28","guid":{"rendered":"http:\/\/cidte.reduaz.mx\/web\/?page_id=127"},"modified":"2020-06-16T19:49:28","modified_gmt":"2020-06-17T01:49:28","slug":"dr-jorge-simon-rodriguez","status":"publish","type":"page","link":"http:\/\/cidte.uaz.edu.mx\/web\/index.php\/equipo-de-trabajo\/dr-jorge-simon-rodriguez\/","title":{"rendered":"Dr. Jorge Sim\u00f3n Rodr\u00edguez"},"content":{"rendered":"<p>Es Ingeniero Electr\u00f3nico por la Facultad de Ciencias (2001), Maestro en Ingenier\u00eda El\u00e9ctrica por la Facultad de Ingenier\u00eda (2005) y Doctor en Ciencias Aplicadas por el Instituto de Investigaci\u00f3n en Comunicaci\u00f3n \u00d3ptica (2010) de la Universidad Aut\u00f3noma de San Luis Potos\u00ed. Durante sus estudios de posgrado trabajo en el dise\u00f1o, an\u00e1lisis e implementaci\u00f3n de nanoantenas a frecuencias de THz, espec\u00edficamente para multiplexado por divisi\u00f3n de polarizaci\u00f3n.<\/p>\n<p>Ha laborado como docente en instituciones de educaci\u00f3n superior desde 2003, entre las que destaca la Universidad Polit\u00e9cnica de San Luis Potos\u00ed, donde labor\u00f3 como profesor de asignatura de 2006 a 2009\u00a0 y como profesor de tiempo completo de 2009 a 2014 para el Programa de Ingenier\u00eda en Telem\u00e1tica. Ha impartido cursos en nivel licenciatura en las \u00e1reas de propagaci\u00f3n de ondas electromagn\u00e9ticas, l\u00edneas de transmisi\u00f3n, sistemas de comunicaci\u00f3n y sistemas lineales entre otras.<\/p>\n<p>En Octubre de 2014, se incorpor\u00f3\u00a0 como Catedr\u00e1tico CONACYT comisionado al Centro de Investigaci\u00f3n, Innovaci\u00f3n y Desarrollo en TElecomunicaciones (CIDTE), donde colabora con el cuerpo acad\u00e9mico PROMEP UAZ-CA-201 \u201cTelecomunicaciones y Electr\u00f3nica\u201d en temas relacionados con sistemas satelitales. Es miembro del Sistema Nacional de Investigadores Nivel 1 y cuenta con publicaciones en revistas JCR de reconocimiento internacional.<\/p>\n<p><a href=\"http:\/\/cidte.uaz.edu.mx\/web\/wp-content\/uploads\/2020\/06\/Dr.JorgeSim\u00f3nRodriguez.pdf\"><img loading=\"lazy\" class=\"aligncenter wp-image-100\" src=\"http:\/\/cidte.reduaz.mx\/web\/wp-content\/uploads\/2015\/11\/pdf_logo.png\" alt=\"pdf_logo\" width=\"108\" height=\"108\" srcset=\"http:\/\/cidte.uaz.edu.mx\/web\/wp-content\/uploads\/2015\/11\/pdf_logo.png 256w, http:\/\/cidte.uaz.edu.mx\/web\/wp-content\/uploads\/2015\/11\/pdf_logo-150x150.png 150w, http:\/\/cidte.uaz.edu.mx\/web\/wp-content\/uploads\/2015\/11\/pdf_logo-100x100.png 100w, http:\/\/cidte.uaz.edu.mx\/web\/wp-content\/uploads\/2015\/11\/pdf_logo-200x200.png 200w\" sizes=\"(max-width: 108px) 100vw, 108px\" \/><\/a><\/p>\n","protected":false},"excerpt":{"rendered":"<p>Es Ingeniero Electr\u00f3nico por la Facultad de Ciencias (2001), Maestro en Ingenier\u00eda El\u00e9ctrica por la Facultad de Ingenier\u00eda (2005) y Doctor en Ciencias Aplicadas por el Instituto de Investigaci\u00f3n en Comunicaci\u00f3n \u00d3ptica (2010) de la Universidad Aut\u00f3noma de San Luis &hellip;<\/p>\n<p class=\"read-more\"> <a class=\"more-link\" href=\"http:\/\/cidte.uaz.edu.mx\/web\/index.php\/equipo-de-trabajo\/dr-jorge-simon-rodriguez\/\"> <span class=\"screen-reader-text\">Dr. Jorge Sim\u00f3n Rodr\u00edguez<\/span> Leer m\u00e1s \u00bb<\/a><\/p>\n","protected":false},"author":1,"featured_media":0,"parent":43,"menu_order":81,"comment_status":"closed","ping_status":"closed","template":"full-width-page.php","meta":[],"_links":{"self":[{"href":"http:\/\/cidte.uaz.edu.mx\/web\/index.php\/wp-json\/wp\/v2\/pages\/127"}],"collection":[{"href":"http:\/\/cidte.uaz.edu.mx\/web\/index.php\/wp-json\/wp\/v2\/pages"}],"about":[{"href":"http:\/\/cidte.uaz.edu.mx\/web\/index.php\/wp-json\/wp\/v2\/types\/page"}],"author":[{"embeddable":true,"href":"http:\/\/cidte.uaz.edu.mx\/web\/index.php\/wp-json\/wp\/v2\/users\/1"}],"replies":[{"embeddable":true,"href":"http:\/\/cidte.uaz.edu.mx\/web\/index.php\/wp-json\/wp\/v2\/comments?post=127"}],"version-history":[{"count":13,"href":"http:\/\/cidte.uaz.edu.mx\/web\/index.php\/wp-json\/wp\/v2\/pages\/127\/revisions"}],"predecessor-version":[{"id":763,"href":"http:\/\/cidte.uaz.edu.mx\/web\/index.php\/wp-json\/wp\/v2\/pages\/127\/revisions\/763"}],"up":[{"embeddable":true,"href":"http:\/\/cidte.uaz.edu.mx\/web\/index.php\/wp-json\/wp\/v2\/pages\/43"}],"wp:attachment":[{"href":"http:\/\/cidte.uaz.edu.mx\/web\/index.php\/wp-json\/wp\/v2\/media?parent=127"}],"curies":[{"name":"wp","href":"https:\/\/api.w.org\/{rel}","templated":true}]}}