{"id":139,"date":"2015-11-17T15:15:40","date_gmt":"2015-11-17T21:15:40","guid":{"rendered":"http:\/\/cidte.reduaz.mx\/web\/?page_id=139"},"modified":"2015-11-20T12:07:47","modified_gmt":"2015-11-20T18:07:47","slug":"antenas-y-rf","status":"publish","type":"page","link":"http:\/\/cidte.uaz.edu.mx\/web\/index.php\/investigacion-y-desarrollo\/areas-de-desarrollo\/antenas-y-rf\/","title":{"rendered":"Antenas y RF"},"content":{"rendered":"<p>El \u00e1rea de\u00a0<i>\u201cAntenas y RF\u201d<\/i>\u00a0lleva a cabo desarrollos de antenas para sistemas de telecomunicaciones satelitales, espec\u00edficamente para estaciones terrenas y a bordo de picosat\u00e9lites y nanosat\u00e9lites.\u00a0De igual manera en esta \u00e1rea<i>\u00a0<\/i>se llevan a cabo dise\u00f1os de etapas de RF definidas por software para sistemas de telecomunicaciones espaciales.<\/p>\n<p>En el \u00e1rea de\u00a0<i>\u201cAntenas y RF\u201d<\/i>\u00a0se trabaja adem\u00e1s con antenas a frecuencia de THz con aplicaciones a la captaci\u00f3n de energ\u00eda solar.<\/p>\n<p><a href=\"http:\/\/cidte.reduaz.mx\/web\/wp-content\/uploads\/2015\/11\/719D1BFB-3F1E-456F-B6BF-EF3779134732-e1448042631750.jpg\"><img loading=\"lazy\" class=\"size-medium wp-image-180 alignleft\" src=\"http:\/\/cidte.reduaz.mx\/web\/wp-content\/uploads\/2015\/11\/719D1BFB-3F1E-456F-B6BF-EF3779134732-e1448042572182-300x300.jpg\" alt=\"719D1BFB-3F1E-456F-B6BF-EF3779134732\" width=\"300\" height=\"300\" \/><\/a> <a href=\"http:\/\/cidte.reduaz.mx\/web\/wp-content\/uploads\/2015\/11\/98B36390-B7E4-400B-A3B0-E562152B507D-e1448042659876.jpg\"><img loading=\"lazy\" class=\"size-medium wp-image-181 alignleft\" src=\"http:\/\/cidte.reduaz.mx\/web\/wp-content\/uploads\/2015\/11\/98B36390-B7E4-400B-A3B0-E562152B507D-e1448042557372-225x300.jpg\" alt=\"98B36390-B7E4-400B-A3B0-E562152B507D\" width=\"225\" height=\"300\" \/><\/a><a href=\"http:\/\/cidte.reduaz.mx\/web\/wp-content\/uploads\/2015\/11\/BF96D271-010E-40C1-9B6C-A9D24509F9FA-e1448042767471.jpg\"><img loading=\"lazy\" class=\"size-medium wp-image-184 alignleft\" src=\"http:\/\/cidte.reduaz.mx\/web\/wp-content\/uploads\/2015\/11\/FA10A528-3223-4A29-AB44-2B19A45234E1-e1448042757750-300x300.jpg\" alt=\"FA10A528-3223-4A29-AB44-2B19A45234E1\" width=\"300\" height=\"300\" \/><img loading=\"lazy\" class=\"size-medium wp-image-185 aligncenter\" src=\"http:\/\/cidte.reduaz.mx\/web\/wp-content\/uploads\/2015\/11\/BF96D271-010E-40C1-9B6C-A9D24509F9FA-e1448042748281-225x300.jpg\" alt=\"BF96D271-010E-40C1-9B6C-A9D24509F9FA\" width=\"225\" height=\"300\" \/><\/a><\/p>\n<p>&nbsp;<\/p>\n","protected":false},"excerpt":{"rendered":"<p>El \u00e1rea de\u00a0\u201cAntenas y RF\u201d\u00a0lleva a cabo desarrollos de antenas para sistemas de telecomunicaciones satelitales, espec\u00edficamente para estaciones terrenas y a bordo de picosat\u00e9lites y nanosat\u00e9lites.\u00a0De igual manera en esta \u00e1rea\u00a0se llevan a cabo dise\u00f1os de etapas de RF definidas &hellip;<\/p>\n<p class=\"read-more\"> <a class=\"more-link\" href=\"http:\/\/cidte.uaz.edu.mx\/web\/index.php\/investigacion-y-desarrollo\/areas-de-desarrollo\/antenas-y-rf\/\"> <span class=\"screen-reader-text\">Antenas y RF<\/span> Leer m\u00e1s \u00bb<\/a><\/p>\n","protected":false},"author":1,"featured_media":0,"parent":14,"menu_order":91,"comment_status":"closed","ping_status":"closed","template":"full-width-page.php","meta":[],"_links":{"self":[{"href":"http:\/\/cidte.uaz.edu.mx\/web\/index.php\/wp-json\/wp\/v2\/pages\/139"}],"collection":[{"href":"http:\/\/cidte.uaz.edu.mx\/web\/index.php\/wp-json\/wp\/v2\/pages"}],"about":[{"href":"http:\/\/cidte.uaz.edu.mx\/web\/index.php\/wp-json\/wp\/v2\/types\/page"}],"author":[{"embeddable":true,"href":"http:\/\/cidte.uaz.edu.mx\/web\/index.php\/wp-json\/wp\/v2\/users\/1"}],"replies":[{"embeddable":true,"href":"http:\/\/cidte.uaz.edu.mx\/web\/index.php\/wp-json\/wp\/v2\/comments?post=139"}],"version-history":[{"count":7,"href":"http:\/\/cidte.uaz.edu.mx\/web\/index.php\/wp-json\/wp\/v2\/pages\/139\/revisions"}],"predecessor-version":[{"id":260,"href":"http:\/\/cidte.uaz.edu.mx\/web\/index.php\/wp-json\/wp\/v2\/pages\/139\/revisions\/260"}],"up":[{"embeddable":true,"href":"http:\/\/cidte.uaz.edu.mx\/web\/index.php\/wp-json\/wp\/v2\/pages\/14"}],"wp:attachment":[{"href":"http:\/\/cidte.uaz.edu.mx\/web\/index.php\/wp-json\/wp\/v2\/media?parent=139"}],"curies":[{"name":"wp","href":"https:\/\/api.w.org\/{rel}","templated":true}]}}