{"id":14,"date":"2015-11-09T08:47:11","date_gmt":"2015-11-09T14:47:11","guid":{"rendered":"http:\/\/cidte.reduaz.mx\/web\/?page_id=14"},"modified":"2020-06-09T22:23:59","modified_gmt":"2020-06-10T04:23:59","slug":"areas-de-desarrollo","status":"publish","type":"page","link":"http:\/\/cidte.uaz.edu.mx\/web\/index.php\/investigacion-y-desarrollo\/areas-de-desarrollo\/","title":{"rendered":"\u00c1reas de Investigaci\u00f3n y Desarrollo"},"content":{"rendered":"<p>LGAC: Sistemas Embebidos y Comunicaciones<\/p>\n<ul>\n<li><a href=\"http:\/\/cidte.reduaz.mx\/web\/index.php\/investigacion-y-desarrollo\/areas-de-desarrollo\/antenas-y-rf\/\">Antenas y RF<\/a><\/li>\n<li>Arquitectura de Sistemas de Telecomunicaciones<\/li>\n<li>Comunicaciones Inal\u00e1mbricas y Redes<\/li>\n<li><a href=\"http:\/\/cidte.uaz.edu.mx\/web\/index.php\/investigacion-y-desarrollo\/areas-de-desarrollo\/control-y-automatizacion\/\">Control y Automatizaci\u00f3n<\/a><\/li>\n<li><a href=\"http:\/\/cidte.uaz.edu.mx\/web\/index.php\/investigacion-y-desarrollo\/areas-de-desarrollo\/diseno-de-sistemas-embebidos\/?preview=true\">Dise\u00f1o de Sistemas Embebidos<\/a><\/li>\n<li><a href=\"http:\/\/cidte.uaz.edu.mx\/web\/index.php\/investigacion-y-desarrollo\/areas-de-desarrollo\/procesamiento-de-senales\/\">Procesamiento de Se\u00f1ales<\/a><\/li>\n<li>Redes<\/li>\n<li>Software<\/li>\n<\/ul>\n\n\n<p><\/p>\n","protected":false},"excerpt":{"rendered":"<p>LGAC: Sistemas Embebidos y Comunicaciones Antenas y RF Arquitectura de Sistemas de Telecomunicaciones Comunicaciones Inal\u00e1mbricas y Redes Control y Automatizaci\u00f3n Dise\u00f1o de Sistemas Embebidos Procesamiento de Se\u00f1ales Redes Software<\/p>\n","protected":false},"author":1,"featured_media":0,"parent":10,"menu_order":11,"comment_status":"closed","ping_status":"closed","template":"full-width-page.php","meta":[],"_links":{"self":[{"href":"http:\/\/cidte.uaz.edu.mx\/web\/index.php\/wp-json\/wp\/v2\/pages\/14"}],"collection":[{"href":"http:\/\/cidte.uaz.edu.mx\/web\/index.php\/wp-json\/wp\/v2\/pages"}],"about":[{"href":"http:\/\/cidte.uaz.edu.mx\/web\/index.php\/wp-json\/wp\/v2\/types\/page"}],"author":[{"embeddable":true,"href":"http:\/\/cidte.uaz.edu.mx\/web\/index.php\/wp-json\/wp\/v2\/users\/1"}],"replies":[{"embeddable":true,"href":"http:\/\/cidte.uaz.edu.mx\/web\/index.php\/wp-json\/wp\/v2\/comments?post=14"}],"version-history":[{"count":6,"href":"http:\/\/cidte.uaz.edu.mx\/web\/index.php\/wp-json\/wp\/v2\/pages\/14\/revisions"}],"predecessor-version":[{"id":698,"href":"http:\/\/cidte.uaz.edu.mx\/web\/index.php\/wp-json\/wp\/v2\/pages\/14\/revisions\/698"}],"up":[{"embeddable":true,"href":"http:\/\/cidte.uaz.edu.mx\/web\/index.php\/wp-json\/wp\/v2\/pages\/10"}],"wp:attachment":[{"href":"http:\/\/cidte.uaz.edu.mx\/web\/index.php\/wp-json\/wp\/v2\/media?parent=14"}],"curies":[{"name":"wp","href":"https:\/\/api.w.org\/{rel}","templated":true}]}}