{"id":22,"date":"2015-11-10T04:42:02","date_gmt":"2015-11-10T10:42:02","guid":{"rendered":"http:\/\/cidte.reduaz.mx\/web\/?page_id=22"},"modified":"2015-11-10T04:47:35","modified_gmt":"2015-11-10T10:47:35","slug":"mision-y-vision","status":"publish","type":"page","link":"http:\/\/cidte.uaz.edu.mx\/web\/index.php\/pagina-ejemplo\/mision-y-vision\/","title":{"rendered":"Misi\u00f3n y Visi\u00f3n"},"content":{"rendered":"<p style=\"padding-left: 30px; font-size: 32px; text-align: left;\"><span style=\"text-decoration: underline;\">MISI\u00d3N<\/span><\/p>\n<p style=\"text-align: justify; margin-left: 35px; margin-right: 35px;\">Contribuir con responsabilidad social en el \u00e1rea de telecomunicaciones espaciales para fomentar la investigaci\u00f3n, el desarrollo y la formaci\u00f3n de cient\u00edficos y expertos, colocando a M\u00e9xico como un referente a nivel mundial.<\/p>\n<p style=\"padding-left: 30px; font-size: 32px; text-align: left;\"><span style=\"text-decoration: underline;\">VISI\u00d3N<\/span><\/p>\n<p style=\"text-align: justify; margin-left: 35px; margin-right: 35px;\">Ser el centro de investigaci\u00f3n y desarrollo l\u00edder en el \u00e1rea de telecomunicaciones espaciales en M\u00e9xico, y posicionarse como un referente a nivel mundial en esta \u00e1rea. Colaborar con instituciones nacionales e internacionales para la formaci\u00f3n de cient\u00edficos y expertos del m\u00e1s alto nivel. Atender proyectos de ciencia y tecnolog\u00eda espacial, donde los productos de la investigaci\u00f3n, el desarrollo, y la inovaci\u00f3n se traduzcan en beneficios para la sociedad y la econom\u00eda de M\u00e9xico y del mundo.<\/p>\n","protected":false},"excerpt":{"rendered":"<p>MISI\u00d3N Contribuir con responsabilidad social en el \u00e1rea de telecomunicaciones espaciales para fomentar la investigaci\u00f3n, el desarrollo y la formaci\u00f3n de cient\u00edficos y expertos, colocando a M\u00e9xico como un referente a nivel mundial. VISI\u00d3N Ser el centro de investigaci\u00f3n y &hellip;<\/p>\n<p class=\"read-more\"> <a class=\"more-link\" href=\"http:\/\/cidte.uaz.edu.mx\/web\/index.php\/pagina-ejemplo\/mision-y-vision\/\"> <span class=\"screen-reader-text\">Misi\u00f3n y Visi\u00f3n<\/span> Leer m\u00e1s \u00bb<\/a><\/p>\n","protected":false},"author":2,"featured_media":0,"parent":2,"menu_order":2,"comment_status":"closed","ping_status":"closed","template":"full-width-page.php","meta":[],"_links":{"self":[{"href":"http:\/\/cidte.uaz.edu.mx\/web\/index.php\/wp-json\/wp\/v2\/pages\/22"}],"collection":[{"href":"http:\/\/cidte.uaz.edu.mx\/web\/index.php\/wp-json\/wp\/v2\/pages"}],"about":[{"href":"http:\/\/cidte.uaz.edu.mx\/web\/index.php\/wp-json\/wp\/v2\/types\/page"}],"author":[{"embeddable":true,"href":"http:\/\/cidte.uaz.edu.mx\/web\/index.php\/wp-json\/wp\/v2\/users\/2"}],"replies":[{"embeddable":true,"href":"http:\/\/cidte.uaz.edu.mx\/web\/index.php\/wp-json\/wp\/v2\/comments?post=22"}],"version-history":[{"count":4,"href":"http:\/\/cidte.uaz.edu.mx\/web\/index.php\/wp-json\/wp\/v2\/pages\/22\/revisions"}],"predecessor-version":[{"id":26,"href":"http:\/\/cidte.uaz.edu.mx\/web\/index.php\/wp-json\/wp\/v2\/pages\/22\/revisions\/26"}],"up":[{"embeddable":true,"href":"http:\/\/cidte.uaz.edu.mx\/web\/index.php\/wp-json\/wp\/v2\/pages\/2"}],"wp:attachment":[{"href":"http:\/\/cidte.uaz.edu.mx\/web\/index.php\/wp-json\/wp\/v2\/media?parent=22"}],"curies":[{"name":"wp","href":"https:\/\/api.w.org\/{rel}","templated":true}]}}