{"id":252,"date":"2016-03-14T08:05:38","date_gmt":"2016-03-14T14:05:38","guid":{"rendered":"http:\/\/cidte.uaz.edu.mx\/web\/?page_id=252"},"modified":"2020-06-14T21:30:11","modified_gmt":"2020-06-15T03:30:11","slug":"control-y-automatizacion","status":"publish","type":"page","link":"http:\/\/cidte.uaz.edu.mx\/web\/index.php\/investigacion-y-desarrollo\/areas-de-desarrollo\/control-y-automatizacion\/","title":{"rendered":"Control y Automatizaci\u00f3n"},"content":{"rendered":"<p style=\"text-align: justify;\">Dentro del CIDTE, el \u00e1rea de \u201cControl y Automatizaci\u00f3n\u201d est\u00e1 encargada de incursionar y explorar el ramo de los veh\u00edculos no tripulados con la meta de alcanzar en corto tiempo lo siguiente:<\/p>\n<p style=\"text-align: justify;\">\u201cEn el \u00e1rea de\u00a0\u201cControl y Automatizaci\u00f3n\u201d\u00a0esta encarga del desarrollo del control multi-agente y control de visi\u00f3n aplicado sistemas m\u00f3viles no tripulados, a\u00e9reos y terrestres. De igual manera, se llevan a cabo los dise\u00f1os mec\u00e1nicos de los dispositivos m\u00f3viles no tripulados as\u00ed como de una estaci\u00f3n terrena con rastreo satelital.<\/p>\n<p style=\"text-align: justify;\">Adem\u00e1s, se lleva acabo el estudio de algoritmos de control para los drones para su aplicaci\u00f3n en la agricultura, miner\u00eda, seguridad, desastre naturales (incendios forestales, derrames biol\u00f3gicos, etc.), emergencia, entre otros.<\/p>\n<p style=\"text-align: justify;\">El \u00e1rea de \u201cControl y Automatizaci\u00f3n\u201d buscar\u00e1 apoyar el desarrollo de sistemas mec\u00e1nicos y de control aplicados a las telecomunicaciones espaciales as\u00ed como de nuevos dise\u00f1os de veh\u00edculos no tripulados que permita reducir la dependencia tecnol\u00f3gica del estado y del pa\u00eds.\u201d<\/p>\n<p><a href=\"http:\/\/cidte.uaz.edu.mx\/web\/wp-content\/uploads\/2016\/03\/drone2.png\" rel=\"attachment wp-att-255\"><img loading=\"lazy\" class=\"alignnone wp-image-255 \" src=\"http:\/\/cidte.uaz.edu.mx\/web\/wp-content\/uploads\/2016\/03\/drone2-300x198.png\" alt=\"drone2\" width=\"419\" height=\"276\" srcset=\"http:\/\/cidte.uaz.edu.mx\/web\/wp-content\/uploads\/2016\/03\/drone2-300x198.png 300w, http:\/\/cidte.uaz.edu.mx\/web\/wp-content\/uploads\/2016\/03\/drone2-768x506.png 768w, http:\/\/cidte.uaz.edu.mx\/web\/wp-content\/uploads\/2016\/03\/drone2-100x66.png 100w, http:\/\/cidte.uaz.edu.mx\/web\/wp-content\/uploads\/2016\/03\/drone2-150x99.png 150w, http:\/\/cidte.uaz.edu.mx\/web\/wp-content\/uploads\/2016\/03\/drone2-200x132.png 200w, http:\/\/cidte.uaz.edu.mx\/web\/wp-content\/uploads\/2016\/03\/drone2-450x297.png 450w, http:\/\/cidte.uaz.edu.mx\/web\/wp-content\/uploads\/2016\/03\/drone2-600x395.png 600w, http:\/\/cidte.uaz.edu.mx\/web\/wp-content\/uploads\/2016\/03\/drone2.png 886w\" sizes=\"(max-width: 419px) 100vw, 419px\" \/><\/a>\u00a0 \u00a0 \u00a0 \u00a0<a href=\"http:\/\/cidte.uaz.edu.mx\/web\/wp-content\/uploads\/2016\/03\/drone1.png\" rel=\"attachment wp-att-254\"><img loading=\"lazy\" class=\"alignnone wp-image-254\" src=\"http:\/\/cidte.uaz.edu.mx\/web\/wp-content\/uploads\/2016\/03\/drone1-300x233.png\" alt=\"drone1\" width=\"356\" height=\"276\" srcset=\"http:\/\/cidte.uaz.edu.mx\/web\/wp-content\/uploads\/2016\/03\/drone1-300x233.png 300w, http:\/\/cidte.uaz.edu.mx\/web\/wp-content\/uploads\/2016\/03\/drone1-768x596.png 768w, http:\/\/cidte.uaz.edu.mx\/web\/wp-content\/uploads\/2016\/03\/drone1-100x78.png 100w, http:\/\/cidte.uaz.edu.mx\/web\/wp-content\/uploads\/2016\/03\/drone1-150x116.png 150w, http:\/\/cidte.uaz.edu.mx\/web\/wp-content\/uploads\/2016\/03\/drone1-200x155.png 200w, http:\/\/cidte.uaz.edu.mx\/web\/wp-content\/uploads\/2016\/03\/drone1-450x349.png 450w, http:\/\/cidte.uaz.edu.mx\/web\/wp-content\/uploads\/2016\/03\/drone1-600x465.png 600w, http:\/\/cidte.uaz.edu.mx\/web\/wp-content\/uploads\/2016\/03\/drone1.png 886w\" sizes=\"(max-width: 356px) 100vw, 356px\" \/><\/a><\/p>\n<p><a href=\"http:\/\/cidte.uaz.edu.mx\/web\/wp-content\/uploads\/2016\/03\/drone3.png\" rel=\"attachment wp-att-256\"><img loading=\"lazy\" class=\"alignnone wp-image-256 \" src=\"http:\/\/cidte.uaz.edu.mx\/web\/wp-content\/uploads\/2016\/03\/drone3-300x224.png\" alt=\"drone3\" width=\"420\" height=\"314\" srcset=\"http:\/\/cidte.uaz.edu.mx\/web\/wp-content\/uploads\/2016\/03\/drone3-300x224.png 300w, http:\/\/cidte.uaz.edu.mx\/web\/wp-content\/uploads\/2016\/03\/drone3-768x574.png 768w, http:\/\/cidte.uaz.edu.mx\/web\/wp-content\/uploads\/2016\/03\/drone3-100x75.png 100w, http:\/\/cidte.uaz.edu.mx\/web\/wp-content\/uploads\/2016\/03\/drone3-150x112.png 150w, http:\/\/cidte.uaz.edu.mx\/web\/wp-content\/uploads\/2016\/03\/drone3-200x149.png 200w, http:\/\/cidte.uaz.edu.mx\/web\/wp-content\/uploads\/2016\/03\/drone3-450x336.png 450w, http:\/\/cidte.uaz.edu.mx\/web\/wp-content\/uploads\/2016\/03\/drone3-600x448.png 600w, http:\/\/cidte.uaz.edu.mx\/web\/wp-content\/uploads\/2016\/03\/drone3.png 886w\" sizes=\"(max-width: 420px) 100vw, 420px\" \/>\u00a0 \u00a0 \u00a0\u00a0<\/a><a href=\"http:\/\/cidte.uaz.edu.mx\/web\/wp-content\/uploads\/2016\/03\/drone5.png\" rel=\"attachment wp-att-258\"><img loading=\"lazy\" class=\"alignnone wp-image-258\" src=\"http:\/\/cidte.uaz.edu.mx\/web\/wp-content\/uploads\/2016\/03\/drone5-300x224.png\" alt=\"drone5\" width=\"417\" height=\"311\" srcset=\"http:\/\/cidte.uaz.edu.mx\/web\/wp-content\/uploads\/2016\/03\/drone5-300x224.png 300w, http:\/\/cidte.uaz.edu.mx\/web\/wp-content\/uploads\/2016\/03\/drone5-768x574.png 768w, http:\/\/cidte.uaz.edu.mx\/web\/wp-content\/uploads\/2016\/03\/drone5-100x75.png 100w, http:\/\/cidte.uaz.edu.mx\/web\/wp-content\/uploads\/2016\/03\/drone5-150x112.png 150w, http:\/\/cidte.uaz.edu.mx\/web\/wp-content\/uploads\/2016\/03\/drone5-200x149.png 200w, http:\/\/cidte.uaz.edu.mx\/web\/wp-content\/uploads\/2016\/03\/drone5-450x336.png 450w, http:\/\/cidte.uaz.edu.mx\/web\/wp-content\/uploads\/2016\/03\/drone5-600x448.png 600w, http:\/\/cidte.uaz.edu.mx\/web\/wp-content\/uploads\/2016\/03\/drone5.png 886w\" sizes=\"(max-width: 417px) 100vw, 417px\" \/><\/a><\/p>\n<p><a href=\"http:\/\/cidte.uaz.edu.mx\/web\/wp-content\/uploads\/2016\/03\/drone4.png\" rel=\"attachment wp-att-257\"><img loading=\"lazy\" class=\"wp-image-257 aligncenter\" src=\"http:\/\/cidte.uaz.edu.mx\/web\/wp-content\/uploads\/2016\/03\/drone4-300x179.png\" alt=\"drone4\" width=\"441\" height=\"263\" \/><\/a><\/p>\n","protected":false},"excerpt":{"rendered":"<p>Dentro del CIDTE, el \u00e1rea de \u201cControl y Automatizaci\u00f3n\u201d est\u00e1 encargada de incursionar y explorar el ramo de los veh\u00edculos no tripulados con la meta de alcanzar en corto tiempo lo siguiente: \u201cEn el \u00e1rea de\u00a0\u201cControl y Automatizaci\u00f3n\u201d\u00a0esta encarga del &hellip;<\/p>\n<p class=\"read-more\"> <a class=\"more-link\" href=\"http:\/\/cidte.uaz.edu.mx\/web\/index.php\/investigacion-y-desarrollo\/areas-de-desarrollo\/control-y-automatizacion\/\"> <span class=\"screen-reader-text\">Control y Automatizaci\u00f3n<\/span> Leer m\u00e1s \u00bb<\/a><\/p>\n","protected":false},"author":2,"featured_media":0,"parent":14,"menu_order":0,"comment_status":"closed","ping_status":"closed","template":"full-width-page.php","meta":[],"_links":{"self":[{"href":"http:\/\/cidte.uaz.edu.mx\/web\/index.php\/wp-json\/wp\/v2\/pages\/252"}],"collection":[{"href":"http:\/\/cidte.uaz.edu.mx\/web\/index.php\/wp-json\/wp\/v2\/pages"}],"about":[{"href":"http:\/\/cidte.uaz.edu.mx\/web\/index.php\/wp-json\/wp\/v2\/types\/page"}],"author":[{"embeddable":true,"href":"http:\/\/cidte.uaz.edu.mx\/web\/index.php\/wp-json\/wp\/v2\/users\/2"}],"replies":[{"embeddable":true,"href":"http:\/\/cidte.uaz.edu.mx\/web\/index.php\/wp-json\/wp\/v2\/comments?post=252"}],"version-history":[{"count":13,"href":"http:\/\/cidte.uaz.edu.mx\/web\/index.php\/wp-json\/wp\/v2\/pages\/252\/revisions"}],"predecessor-version":[{"id":732,"href":"http:\/\/cidte.uaz.edu.mx\/web\/index.php\/wp-json\/wp\/v2\/pages\/252\/revisions\/732"}],"up":[{"embeddable":true,"href":"http:\/\/cidte.uaz.edu.mx\/web\/index.php\/wp-json\/wp\/v2\/pages\/14"}],"wp:attachment":[{"href":"http:\/\/cidte.uaz.edu.mx\/web\/index.php\/wp-json\/wp\/v2\/media?parent=252"}],"curies":[{"name":"wp","href":"https:\/\/api.w.org\/{rel}","templated":true}]}}