{"id":29,"date":"2015-11-10T04:53:52","date_gmt":"2015-11-10T10:53:52","guid":{"rendered":"http:\/\/cidte.reduaz.mx\/web\/?page_id=29"},"modified":"2015-11-10T05:07:41","modified_gmt":"2015-11-10T11:07:41","slug":"valores","status":"publish","type":"page","link":"http:\/\/cidte.uaz.edu.mx\/web\/index.php\/pagina-ejemplo\/valores\/","title":{"rendered":"Valores"},"content":{"rendered":"<p id=\"aui_3_2_0_190\" style=\"text-align: justify;\">Nuestro compromiso es con la con<img loading=\"lazy\" class=\"size-medium wp-image-30 alignright\" src=\"http:\/\/cidte.reduaz.mx\/web\/wp-content\/uploads\/2015\/11\/valores-300x300.png\" alt=\"valores\" width=\"300\" height=\"300\" srcset=\"http:\/\/cidte.uaz.edu.mx\/web\/wp-content\/uploads\/2015\/11\/valores-300x299.png 300w, http:\/\/cidte.uaz.edu.mx\/web\/wp-content\/uploads\/2015\/11\/valores-150x149.png 150w, http:\/\/cidte.uaz.edu.mx\/web\/wp-content\/uploads\/2015\/11\/valores-1024x1020.png 1024w, http:\/\/cidte.uaz.edu.mx\/web\/wp-content\/uploads\/2015\/11\/valores-100x100.png 100w, http:\/\/cidte.uaz.edu.mx\/web\/wp-content\/uploads\/2015\/11\/valores-200x199.png 200w, http:\/\/cidte.uaz.edu.mx\/web\/wp-content\/uploads\/2015\/11\/valores-450x448.png 450w, http:\/\/cidte.uaz.edu.mx\/web\/wp-content\/uploads\/2015\/11\/valores-600x598.png 600w, http:\/\/cidte.uaz.edu.mx\/web\/wp-content\/uploads\/2015\/11\/valores-900x897.png 900w\" sizes=\"(max-width: 300px) 100vw, 300px\" \/>strucci\u00f3n de una sociedad equitativa, inclusiva y democr\u00e1tica, donde la justicia y la solidaridad para la cohesi\u00f3n social sean sus pilares fundamentales.<\/p>\n<p style=\"text-align: justify;\">Practicamos la transparencia, honestidad, confianza, tolerancia y la relaci\u00f3n horizontal y de beneficio rec\u00edproco con los usuarios de los proyectos.<\/p>\n<p>Afirmamos nuestro compromiso e identidad con la Misi\u00f3n y Visi\u00f3n institucionales.<\/p>\n<p style=\"text-align: justify;\">Nos guiamos por el respeto, el compa\u00f1erismo, la lealtad con los principios institucionales, la puntualidad, y la igualdad de oportunidades para la participaci\u00f3n de los socios y trabajadores as\u00ed como para la mejora en su calidad profesional y personal.<\/p>\n<ul>\n<li><b>Transparencia<\/b><\/li>\n<\/ul>\n<p>Practicar el valor de la transparencia es permitir que los dem\u00e1s entiendan claramente el mensaje que les estamos enviando con nuestros planteamientos, con nuestras acciones, y que adem\u00e1s perciban un mensaje que exprese lo que realmente deseamos o sentimos.<\/p>\n<ul>\n<li><b>Honestidad<\/b><\/li>\n<\/ul>\n<p style=\"text-align: justify;\">Practicar el valor de la transparencia es permitir que los dem\u00e1s entiendan claramente el mensaje que les estamos enviando con nuestros planteamientos, con nuestras acciones, y que adem\u00e1s perciban un mensaje que exprese lo que realmente deseamos o sentimos.<\/p>\n<p>Una persona transparente siempre est\u00e1 actuando y hablando claro. Ese tipo de personas genera la menor confusi\u00f3n posible y mucha confianza.<\/p>\n<ul>\n<li><b>Tolerancia y respeto<\/b><\/li>\n<\/ul>\n<p style=\"text-align: justify;\">Debemos generar empat\u00eda con las dem\u00e1s personas, trat\u00e1ndolas como queremos que ellas nos traten, independientemente de su jerarqu\u00eda en la organizaci\u00f3n, su nacionalidad, origen racial, sexo, g\u00e9nero, edad, discapacidad, condici\u00f3n social o econ\u00f3mica, condiciones de salud, religi\u00f3n, opiniones, preferencia u orientaci\u00f3n sexual, estado civil o cualquier otra caracter\u00edstica o condici\u00f3n an\u00e1loga.<\/p>\n<p style=\"text-align: justify;\">Una persona tolerante y respetuosa est\u00e1 consciente de su dignidad humana y no se siente inferior ni superior a los dem\u00e1s, independientemente de sus propias caracter\u00edsticas y de las de los otros, permitiendo la expresi\u00f3n de ideas y el intercambio de opiniones.<\/p>\n<ul>\n<li><b>Confianza<\/b><\/li>\n<\/ul>\n<p style=\"text-align: justify;\">La confianza es la seguridad o esperanza firme, que alguien tiene de otro individuo o de algo. Tambi\u00e9n se trata de la presunci\u00f3n de uno mismo y del \u00e1nimo o vigor para obrar.<\/p>\n<p style=\"text-align: justify;\">Una persona confiada es aquella que da por ciertos todos esos valores positivos en s\u00ed misma y en las dem\u00e1s. Tiene seguridad y mira con fe los aspectos valiosos de los seres humanos, por lo que espera que todos tengan una conducta favorable. La confianza debe estar basada en lo que observamos en quienes nos rodean. Cuando no es as\u00ed puede\u00a0ligarse a la ingenuidad o la ilusi\u00f3n y permitir que nos enga\u00f1en, entonces ya no es un valor, sino un punto d\u00e9bil de nuestro car\u00e1cter. El secreto es saber hallar el matiz preciso. Si no confiamos en nadie, ni en nosotros mismos, la vida es dolorosa e imposible. Si nos dejamos guiar por las ilusiones corremos riesgos. La objetividad al reconocer los valores propios y ajenos hace que la confianza tenga bases m\u00e1s s\u00f3lidas y nos permita correr m\u00e1s r\u00e1pido, saltar m\u00e1s alto, ser m\u00e1s fuertes.<\/p>\n<ul>\n<li><b>Responsabilidad Social<\/b><\/li>\n<\/ul>\n<p style=\"text-align: justify;\">Por el hecho de ser parte de la sociedad, como instituci\u00f3n debemos conducirnos \u00e9ticamente y asumir nuestras responsabilidades para dar una respuesta a los impactos reales y potenciales de las decisiones y actividades realizadas en nuestro entorno.<\/p>\n<p style=\"text-align: justify;\">Una persona con responsabilidad social contribuye a comprender las expectativas de la sociedad y de su entorno ambiental, con el fin de favorecer al desarrollo sustentable del pa\u00eds en un marco de legalidad.<\/p>\n<ul>\n<li><b>Formaci\u00f3n<\/b><\/li>\n<\/ul>\n<p>Potenciar el talento de nuestra gente.<\/p>\n<ul>\n<li><b>Constancia<\/b><\/li>\n<\/ul>\n<p>Es la virtud con la cual conquistamos las metas que nos proponemos, venciendo las dificultades y obst\u00e1culos que se nos presentan sin desanimarnos.<\/p>\n<ul>\n<li><b>Efectividad<\/b><\/li>\n<\/ul>\n<p>Ejecutamos con excelencia.<\/p>\n<ul>\n<li><b>Actitud de servicio<\/b><\/li>\n<\/ul>\n<p>Es la disposici\u00f3n que mostramos ante las dem\u00e1s personas, para facilitar o atender de buena manera lo que nos solicitan.<\/p>\n<p style=\"text-align: justify;\">Las personas con buena actitud de servicio tratan con cordialidad y esmero a sus clientes, y con compa\u00f1erismo a las y los integrantes de los equipos de trabajo en donde participan. Se esfuerzan por hacer las cosas sencillas y eliminar los obst\u00e1culos; son optimistas y emp\u00e1ticos con las dem\u00e1s personas; cuidan su salud; proyectan una imagen profesional en su actuar y en los productos de sus acciones, y no discriminan a nadie.<\/p>\n<ul>\n<li><b>Aprendizaje<\/b><\/li>\n<\/ul>\n<p>Nos preparamos y nos actualizamos para ofrecer calidad.<\/p>\n","protected":false},"excerpt":{"rendered":"<p>Nuestro compromiso es con la construcci\u00f3n de una sociedad equitativa, inclusiva y democr\u00e1tica, donde la justicia y la solidaridad para la cohesi\u00f3n social sean sus pilares fundamentales. Practicamos la transparencia, honestidad, confianza, tolerancia y la relaci\u00f3n horizontal y de beneficio &hellip;<\/p>\n<p class=\"read-more\"> <a class=\"more-link\" href=\"http:\/\/cidte.uaz.edu.mx\/web\/index.php\/pagina-ejemplo\/valores\/\"> <span class=\"screen-reader-text\">Valores<\/span> Leer m\u00e1s \u00bb<\/a><\/p>\n","protected":false},"author":2,"featured_media":0,"parent":2,"menu_order":3,"comment_status":"closed","ping_status":"closed","template":"full-width-page.php","meta":[],"_links":{"self":[{"href":"http:\/\/cidte.uaz.edu.mx\/web\/index.php\/wp-json\/wp\/v2\/pages\/29"}],"collection":[{"href":"http:\/\/cidte.uaz.edu.mx\/web\/index.php\/wp-json\/wp\/v2\/pages"}],"about":[{"href":"http:\/\/cidte.uaz.edu.mx\/web\/index.php\/wp-json\/wp\/v2\/types\/page"}],"author":[{"embeddable":true,"href":"http:\/\/cidte.uaz.edu.mx\/web\/index.php\/wp-json\/wp\/v2\/users\/2"}],"replies":[{"embeddable":true,"href":"http:\/\/cidte.uaz.edu.mx\/web\/index.php\/wp-json\/wp\/v2\/comments?post=29"}],"version-history":[{"count":3,"href":"http:\/\/cidte.uaz.edu.mx\/web\/index.php\/wp-json\/wp\/v2\/pages\/29\/revisions"}],"predecessor-version":[{"id":33,"href":"http:\/\/cidte.uaz.edu.mx\/web\/index.php\/wp-json\/wp\/v2\/pages\/29\/revisions\/33"}],"up":[{"embeddable":true,"href":"http:\/\/cidte.uaz.edu.mx\/web\/index.php\/wp-json\/wp\/v2\/pages\/2"}],"wp:attachment":[{"href":"http:\/\/cidte.uaz.edu.mx\/web\/index.php\/wp-json\/wp\/v2\/media?parent=29"}],"curies":[{"name":"wp","href":"https:\/\/api.w.org\/{rel}","templated":true}]}}