{"id":443,"date":"2016-07-11T08:21:01","date_gmt":"2016-07-11T14:21:01","guid":{"rendered":"http:\/\/cidte.uaz.edu.mx\/web\/?page_id=443"},"modified":"2020-06-09T18:36:00","modified_gmt":"2020-06-10T00:36:00","slug":"dr-israel-alejandro-arriaga-trejo","status":"publish","type":"page","link":"http:\/\/cidte.uaz.edu.mx\/web\/index.php\/equipo-de-trabajo\/dr-israel-alejandro-arriaga-trejo\/","title":{"rendered":"Dr. Israel Alejandro Arriaga Trejo"},"content":{"rendered":"<p>Catedr\u00e1tico Conacyt asignado al Centro de Investigaci\u00f3n, Innovaci\u00f3n y Desarrollo en TElecomunicaciones (CIDTE) de la Universidad Aut\u00f3noma de Zacatecas.<\/p>\n<p><a href=\"http:\/\/cidte.uaz.edu.mx\/web\/wp-content\/uploads\/2020\/06\/Dr.IsraelAlejandroArriagaTrejo.pdf\"><img loading=\"lazy\" class=\"aligncenter wp-image-100\" src=\"http:\/\/cidte.uaz.edu.mx\/web\/wp-content\/uploads\/2015\/11\/pdf_logo.png\" alt=\"pdf_logo\" width=\"91\" height=\"91\" srcset=\"http:\/\/cidte.uaz.edu.mx\/web\/wp-content\/uploads\/2015\/11\/pdf_logo.png 256w, http:\/\/cidte.uaz.edu.mx\/web\/wp-content\/uploads\/2015\/11\/pdf_logo-150x150.png 150w, http:\/\/cidte.uaz.edu.mx\/web\/wp-content\/uploads\/2015\/11\/pdf_logo-100x100.png 100w, http:\/\/cidte.uaz.edu.mx\/web\/wp-content\/uploads\/2015\/11\/pdf_logo-200x200.png 200w\" sizes=\"(max-width: 91px) 100vw, 91px\" \/><\/a><\/p>\n","protected":false},"excerpt":{"rendered":"<p>Catedr\u00e1tico Conacyt asignado al Centro de Investigaci\u00f3n, Innovaci\u00f3n y Desarrollo en TElecomunicaciones (CIDTE) de la Universidad Aut\u00f3noma de Zacatecas.<\/p>\n","protected":false},"author":1,"featured_media":0,"parent":43,"menu_order":0,"comment_status":"closed","ping_status":"closed","template":"full-width-page.php","meta":[],"_links":{"self":[{"href":"http:\/\/cidte.uaz.edu.mx\/web\/index.php\/wp-json\/wp\/v2\/pages\/443"}],"collection":[{"href":"http:\/\/cidte.uaz.edu.mx\/web\/index.php\/wp-json\/wp\/v2\/pages"}],"about":[{"href":"http:\/\/cidte.uaz.edu.mx\/web\/index.php\/wp-json\/wp\/v2\/types\/page"}],"author":[{"embeddable":true,"href":"http:\/\/cidte.uaz.edu.mx\/web\/index.php\/wp-json\/wp\/v2\/users\/1"}],"replies":[{"embeddable":true,"href":"http:\/\/cidte.uaz.edu.mx\/web\/index.php\/wp-json\/wp\/v2\/comments?post=443"}],"version-history":[{"count":5,"href":"http:\/\/cidte.uaz.edu.mx\/web\/index.php\/wp-json\/wp\/v2\/pages\/443\/revisions"}],"predecessor-version":[{"id":657,"href":"http:\/\/cidte.uaz.edu.mx\/web\/index.php\/wp-json\/wp\/v2\/pages\/443\/revisions\/657"}],"up":[{"embeddable":true,"href":"http:\/\/cidte.uaz.edu.mx\/web\/index.php\/wp-json\/wp\/v2\/pages\/43"}],"wp:attachment":[{"href":"http:\/\/cidte.uaz.edu.mx\/web\/index.php\/wp-json\/wp\/v2\/media?parent=443"}],"curies":[{"name":"wp","href":"https:\/\/api.w.org\/{rel}","templated":true}]}}