{"id":56,"date":"2015-11-10T05:14:16","date_gmt":"2015-11-10T11:14:16","guid":{"rendered":"http:\/\/cidte.reduaz.mx\/web\/?page_id=56"},"modified":"2020-06-15T12:23:01","modified_gmt":"2020-06-15T18:23:01","slug":"congresos","status":"publish","type":"page","link":"http:\/\/cidte.uaz.edu.mx\/web\/index.php\/investigacion-y-desarrollo\/publicaciones\/congresos\/","title":{"rendered":"Congresos"},"content":{"rendered":"<p style=\"padding-left: 40px;\">\u00a0<\/p>\n<h3 style=\"padding-left: 40px;\">2016<\/h3>\n<p style=\"padding-left: 40px;\">Remberto\u00a0 Sandoval\u2010Arechiga,\u00a0 R. Parra\u2010Michel, Jose L. Vazquez\u2010Avila, Jorge Flores Troncoso, and Salvador Ibarra\u2010Delgado, <strong>\u201cSoftware Defined <\/strong><strong>Networks<\/strong><strong>\u2010<\/strong><strong>on<\/strong><strong>\u2010<\/strong><strong>Chip for Multi\/Many<\/strong><strong>\u2010<\/strong><strong>Core Systems: A Performance <\/strong><strong>Evaluation,\u201d<\/strong> The 12th ACM\/IEEE Symposium on Architectures for Networking and Communications Systems (ANCS \u201916) will be held March 17\u201018 in Santa Clara, CA, USA. 2016, ACM ISBN:978\u20101\u20104503\u20104183\u20107\/16\/03<\/p>\n<hr \/>\n<h3 style=\"padding-left: 40px;\">2015<\/h3>\n<p style=\"padding-left: 40px;\">Sandoval-Arechiga, J. L Vazquez-Avila, R. Parra-Michel, J. Flores Troncoso and S. Ibarra-Delgado, <strong>\u201cShifting the Network<\/strong><strong>\u2010<\/strong><strong>on-Chip Paradigm Towards a Software Defined Network Architecture\u201d<\/strong>, The 2015 International Conference on Computational Science and Computational Intelligence, pp. 869\u2010870, December 7\u20109, 2015, USA, ISBN\u201013:978\u20101\u20104673\u20109795\u20107\/15<\/p>\n<p style=\"padding-left: 40px;\">Fabi\u00e1n Navarrete Rocha, German Pinedo D\u00edaz, Israel A. Arriaga Trejo, Juvenal Villanueva Maldonado, V\u00edctor Hern\u00e1ndez D\u00e1vila, Jorge Flores Troncoso, Salvador Ibarra Delgado, Jorge Sim\u00f3n Rodr\u00edguez, <strong>\u201cTelemetr\u00eda en un picosat\u00e9lite tipo CANSAT\u201d<\/strong>, IEEE ROC&amp;C\u20192014\u20102015, NOVIEMBRE DEL 2015 ISBN: 978\u2010607\u201095630\u20103\u20105<\/p>\n<p style=\"text-align: left; padding-left: 40px;\">F. J. Amezcua-R\u00edos, I. A. Arriaga-Trejo, L. Soriano\u2010Equigua, J. Villanueva Maldonado, J. Flores\u2010 Troncoso, V. Hern\u00e1ndez\u2010D\u00e1vila, Jorge\u2010Sim\u00f3n, S. Ibarra\u2010Delgado, J. L. \u00c1lvarez\u2010Flores, <strong>\u201cDevelopment of a picosatellite testbench for educational purposes,\u201d<\/strong> Congreso Internacional de Ingenier\u00eda Aeroespacial, CIIA, Jalisco 2015, 24\u201027 Nov. 2015<\/p>\n<p style=\"text-align: left; padding-left: 40px;\">Noe Buenrostro, Luis Adolfo Luna, Israel Alejandro Arriaga, Juvenal Villanueva, V\u00edctor Hern\u00e1ndez, Jorge Flores, Salvador Ibarra and Jorge Sim\u00f3n Rodr\u00edguez, <strong>\u201cDise\u00f1o y desarrollo de un CanSat para prop\u00f3sitos educativos,\u201d<\/strong> 3er Simposio de Ingenier\u00edas de la Regi\u00f3n Centro Occidente de M\u00e9xico, SIRCOM\u20102015, 25 al 27 de noviembre 2015<\/p>\n<hr style=\"padding-left: 40px;\" \/>\n<h3 style=\"padding-left: 40px;\">2013<\/h3>\n<p style=\"padding-left: 40px;\">Roilhi Frajo Ibarra Hern\u00e1ndez, Jorge Flores Troncoso, Leonel Soriano Equigua, Ernesto Garc\u00eda Dom\u00ednguez, Jaime S\u00e1nchez Garc\u00eda, <strong>\u201cAlgoritmo de compresi\u00f3n para sistemas MIMO inal\u00e1mbricos,\u201d<\/strong> IEEE ROC&amp;C\u20192013, DEL 10 AL 14 DE NOVIEMBRE DEL 2013, ISBN: 978\u2010607\u201095630\u20103\u20105<\/p>\n<hr style=\"padding-left: 40px;\" \/>\n<h3 style=\"padding-left: 40px;\">2012<\/h3>\n<p style=\"text-align: left; padding-left: 40px;\">Leonel Soriano Equigua, Jaime S\u00e1nchez Garc\u00eda, V\u00edctor H. Castillo Topete, Jorge Flores Troncoso, Jos\u00e9 Luis \u00c1lvarez Flores, Mar\u00eda Elena Fuentes Mart\u00ednez, <strong>\u201cBeamforming Coordinado para Sistemas MIMO\u2010OFDM que Operan en Modo TDD,\u201d<\/strong> IEEE ROC&amp;C\u20192012, 11 AL 15 DE NOVIEMBRE DEL 2012, ISBN:978\u2010607\u201095630\u20103\u20105<\/p>\n<p style=\"text-align: left; padding-left: 40px;\">S. Ibarra_Delgado, M. Hernandez_Calvi\u00f1o, J.I. Benavides, y J. Flores Troncoso, <strong>\u201cEvaluaci\u00f3n de medida de costo combinada, AD + census, con t\u00e9cnicas de agregaci\u00f3n adaptable, para el c\u00e1lculo de mapas de disparidad en im\u00e1genes estereosc\u00f3picas,\u201d<\/strong> IEEE ROPEC\u2019 2012 Internacional, del 7 al 9 de noviembre del 2012, ISBN: 978\u2010607\u201095476\u20106\u20100<\/p>\n<hr style=\"padding-left: 40px;\" \/>\n<h3 style=\"padding-left: 40px;\">2011<\/h3>\n<p style=\"padding-left: 40px;\">Sergio Armas Jim\u00e9nez, Jorge Flores Troncoso, Leonel Soriano Equigua, Remberto Sandoval Arechiga, <strong>\u201cCodificado diferencial en tiempo y frecuencia para un sistema mimo\u2010ofdm con dos antenas transmisoras\u201d,<\/strong> IEEE ROC&amp;C\u20192011, del 27 de noviembre al 3 de diciembre de 2011, ISBN: 978\u2010607\u201095630\u20103\u20105<\/p>\n<p style=\"text-align: left; padding-left: 40px;\">Ferm\u00edn Marcelo Maciel Barboza, Leonel Soriano Equigua, Victor H. Castillo Topete, Jos\u00e9 Luis \u00c1lvarez Flores, Jorge Flores Troncoso, <strong>\u201cAlgoritmos De Selecci\u00f3n De Usuarios En Sistemas Inal\u00e1mbricos Mimo Con Beamforming Coordinado,\u201d<\/strong> IEEE ROC&amp;C\u20192011, del 27 de noviembre al 3 de diciembre de 2011, ISBN: 978\u2010607\u201095630\u20103\u20105<\/p>\n\n\n<p><\/p>\n","protected":false},"excerpt":{"rendered":"<p>\u00a0 2016 Remberto\u00a0 Sandoval\u2010Arechiga,\u00a0 R. Parra\u2010Michel, Jose L. Vazquez\u2010Avila, Jorge Flores Troncoso, and Salvador Ibarra\u2010Delgado, \u201cSoftware Defined Networks\u2010on\u2010Chip for Multi\/Many\u2010Core Systems: A Performance Evaluation,\u201d The 12th ACM\/IEEE Symposium on Architectures for Networking and Communications Systems (ANCS \u201916) will be held &hellip;<\/p>\n<p class=\"read-more\"> <a class=\"more-link\" href=\"http:\/\/cidte.uaz.edu.mx\/web\/index.php\/investigacion-y-desarrollo\/publicaciones\/congresos\/\"> <span class=\"screen-reader-text\">Congresos<\/span> Leer m\u00e1s \u00bb<\/a><\/p>\n","protected":false},"author":2,"featured_media":0,"parent":50,"menu_order":0,"comment_status":"closed","ping_status":"closed","template":"full-width-page.php","meta":[],"_links":{"self":[{"href":"http:\/\/cidte.uaz.edu.mx\/web\/index.php\/wp-json\/wp\/v2\/pages\/56"}],"collection":[{"href":"http:\/\/cidte.uaz.edu.mx\/web\/index.php\/wp-json\/wp\/v2\/pages"}],"about":[{"href":"http:\/\/cidte.uaz.edu.mx\/web\/index.php\/wp-json\/wp\/v2\/types\/page"}],"author":[{"embeddable":true,"href":"http:\/\/cidte.uaz.edu.mx\/web\/index.php\/wp-json\/wp\/v2\/users\/2"}],"replies":[{"embeddable":true,"href":"http:\/\/cidte.uaz.edu.mx\/web\/index.php\/wp-json\/wp\/v2\/comments?post=56"}],"version-history":[{"count":11,"href":"http:\/\/cidte.uaz.edu.mx\/web\/index.php\/wp-json\/wp\/v2\/pages\/56\/revisions"}],"predecessor-version":[{"id":740,"href":"http:\/\/cidte.uaz.edu.mx\/web\/index.php\/wp-json\/wp\/v2\/pages\/56\/revisions\/740"}],"up":[{"embeddable":true,"href":"http:\/\/cidte.uaz.edu.mx\/web\/index.php\/wp-json\/wp\/v2\/pages\/50"}],"wp:attachment":[{"href":"http:\/\/cidte.uaz.edu.mx\/web\/index.php\/wp-json\/wp\/v2\/media?parent=56"}],"curies":[{"name":"wp","href":"https:\/\/api.w.org\/{rel}","templated":true}]}}