{"id":561,"date":"2017-10-12T14:09:42","date_gmt":"2017-10-12T20:09:42","guid":{"rendered":"http:\/\/cidte.uaz.edu.mx\/web\/?page_id=561"},"modified":"2020-06-16T20:00:29","modified_gmt":"2020-06-17T02:00:29","slug":"dr-jorge-flores-troncoso","status":"publish","type":"page","link":"http:\/\/cidte.uaz.edu.mx\/web\/index.php\/equipo-de-trabajo\/dr-jorge-flores-troncoso\/","title":{"rendered":"Dr. Jorge Flores Troncoso"},"content":{"rendered":"<p>Es ingeniero en Comunicaciones y Electr\u00f3nica egresado de la Universidad Aut\u00f3noma de Zacatecas en el a\u00f1o de 1992. Maestro en Ciencias con especialidad en Electr\u00f3nica y Telecomunicaciones en julio de 2000 por parte del Centro de Investigaci\u00f3n Cient\u00edfica y de Educaci\u00f3n Superior de Ensenada (CICESE), en Baja California, M\u00e9xico. Doctor en Ciencias con especialidad en Electr\u00f3nica y Telecomunicaciones en agosto de 2010, tambi\u00e9n por parte del CICESE.<\/p>\n<p>Actualmente es profesor-investigador de tiempo completo adscrito a la Unidad Acad\u00e9mica de Ingenier\u00eda El\u00e9ctrica (UAIE) de la Universidad Aut\u00f3noma de Zacatecas (UAZ), es l\u00edder del Cuerpo Acad\u00e9mico UAZ-CA-201 \u201cTelecomunicaciones y Electr\u00f3nica\u201d. \u00a0Es Coordinador del Centro de Investigaci\u00f3n, Innovaci\u00f3n y Desarrollo en TElecomunicaciones (CIDTE) que esta adscrito a la Unidad Acad\u00e9mica Ingenier\u00eda El\u00e9ctrica de la UAZ, y se encuentra vinculado a la Agencia Espacial Mexicana.<\/p>\n<p><a href=\"http:\/\/cidte.uaz.edu.mx\/web\/wp-content\/uploads\/2020\/06\/Dr.JorgeFlores.pdf\"><img loading=\"lazy\" class=\"aligncenter wp-image-100\" src=\"http:\/\/cidte.uaz.edu.mx\/web\/wp-content\/uploads\/2015\/11\/pdf_logo.png\" alt=\"\" width=\"88\" height=\"88\" srcset=\"http:\/\/cidte.uaz.edu.mx\/web\/wp-content\/uploads\/2015\/11\/pdf_logo.png 256w, http:\/\/cidte.uaz.edu.mx\/web\/wp-content\/uploads\/2015\/11\/pdf_logo-150x150.png 150w, http:\/\/cidte.uaz.edu.mx\/web\/wp-content\/uploads\/2015\/11\/pdf_logo-100x100.png 100w, http:\/\/cidte.uaz.edu.mx\/web\/wp-content\/uploads\/2015\/11\/pdf_logo-200x200.png 200w\" sizes=\"(max-width: 88px) 100vw, 88px\" \/><\/a><\/p>\n","protected":false},"excerpt":{"rendered":"<p>Es ingeniero en Comunicaciones y Electr\u00f3nica egresado de la Universidad Aut\u00f3noma de Zacatecas en el a\u00f1o de 1992. Maestro en Ciencias con especialidad en Electr\u00f3nica y Telecomunicaciones en julio de 2000 por parte del Centro de Investigaci\u00f3n Cient\u00edfica y de &hellip;<\/p>\n<p class=\"read-more\"> <a class=\"more-link\" href=\"http:\/\/cidte.uaz.edu.mx\/web\/index.php\/equipo-de-trabajo\/dr-jorge-flores-troncoso\/\"> <span class=\"screen-reader-text\">Dr. Jorge Flores Troncoso<\/span> Leer m\u00e1s \u00bb<\/a><\/p>\n","protected":false},"author":1,"featured_media":0,"parent":43,"menu_order":0,"comment_status":"closed","ping_status":"closed","template":"full-width-page.php","meta":[],"_links":{"self":[{"href":"http:\/\/cidte.uaz.edu.mx\/web\/index.php\/wp-json\/wp\/v2\/pages\/561"}],"collection":[{"href":"http:\/\/cidte.uaz.edu.mx\/web\/index.php\/wp-json\/wp\/v2\/pages"}],"about":[{"href":"http:\/\/cidte.uaz.edu.mx\/web\/index.php\/wp-json\/wp\/v2\/types\/page"}],"author":[{"embeddable":true,"href":"http:\/\/cidte.uaz.edu.mx\/web\/index.php\/wp-json\/wp\/v2\/users\/1"}],"replies":[{"embeddable":true,"href":"http:\/\/cidte.uaz.edu.mx\/web\/index.php\/wp-json\/wp\/v2\/comments?post=561"}],"version-history":[{"count":5,"href":"http:\/\/cidte.uaz.edu.mx\/web\/index.php\/wp-json\/wp\/v2\/pages\/561\/revisions"}],"predecessor-version":[{"id":803,"href":"http:\/\/cidte.uaz.edu.mx\/web\/index.php\/wp-json\/wp\/v2\/pages\/561\/revisions\/803"}],"up":[{"embeddable":true,"href":"http:\/\/cidte.uaz.edu.mx\/web\/index.php\/wp-json\/wp\/v2\/pages\/43"}],"wp:attachment":[{"href":"http:\/\/cidte.uaz.edu.mx\/web\/index.php\/wp-json\/wp\/v2\/media?parent=561"}],"curies":[{"name":"wp","href":"https:\/\/api.w.org\/{rel}","templated":true}]}}