{"id":60,"date":"2015-11-10T05:14:52","date_gmt":"2015-11-10T11:14:52","guid":{"rendered":"http:\/\/cidte.reduaz.mx\/web\/?page_id=60"},"modified":"2017-12-15T21:42:27","modified_gmt":"2017-12-16T03:42:27","slug":"otros","status":"publish","type":"page","link":"http:\/\/cidte.uaz.edu.mx\/web\/index.php\/investigacion-y-desarrollo\/publicaciones\/otros\/","title":{"rendered":"Noticias sobre nosotros"},"content":{"rendered":"<ul>\n<li><a href=\"http:\/\/www.conacytprensa.mx\/index.php\/tecnologia\/transportes\/3261-centro-de-telecomunicaciones-espaciales-en-zacatecas\">Inauguran centro de telecomunicaciones espaciales<\/a><\/li>\n<li class=\"uk-article-title\"><a href=\"http:\/\/www.conacytprensa.mx\/index.php\/tecnologia\/tic\/5075-como-funciona-una-estacion-terrena-nota-informativa\">\u00bfC\u00f3mo funciona una estaci\u00f3n terrena?<\/a><\/li>\n<li class=\"uk-article-title\"><a href=\"http:\/\/www.conacytprensa.mx\/index.php\/tecnologia\/tic\/4564-construyen-nanosatelite-en-zacatecas\">Cient\u00edficos del CIDTE construyen nanosat\u00e9lite<\/a><\/li>\n<li><a href=\"http:\/\/www.m-x.com.mx\/2015-12-11\/cientificos-mexicanos-construyen-el-segundo-nanosatelite-del-pais\/\">Cient\u00edficos mexicanos construyen el segundo nanosat\u00e9lite del pa\u00eds<\/a><\/li>\n<li class=\"uk-article-title\"><a href=\"http:\/\/conacytprensa.mx\/index.php\/tecnologia\/tic\/4442-desarrollan-aplicacion-para-cifrado-de-texto-en-telefonia-movil\">Desarrollan aplicaci\u00f3n para cifrado de texto en telefon\u00eda m\u00f3vil<\/a><\/li>\n<li class=\"uk-article-title\"><a href=\"http:\/\/conacytprensa.mx\/index.php\/tecnologia\/tic\/5653-en-el-cidte-desarrollan-ip-cores-para-radiocomunicacion-satelital-reportaje\">Cient\u00edficos del CIDTE desarrollan sistema de telecomunicaci\u00f3n satelital<\/a><\/li>\n<li class=\"uk-article-title\"><a href=\"http:\/\/conacytprensa.mx\/index.php\/tecnologia\/materiales\/5631-crean-material-absorber-con-fibra-de-coco-nota-informativa\">Crean material con fibra de coco para absorber ondas electromagn\u00e9ticas<\/a><\/li>\n<li class=\"uk-article-title\"><a href=\"http:\/\/eleconomista.com.mx\/industrias\/2017\/01\/22\/agencia-espacial-mexicana-redobla-esfuerzos-desarrollar-proyectos\">Agencia Espacial Mexicana redobla esfuerzos para desarrollar proyectos<\/a><\/li>\n<li><a href=\"http:\/\/www.ugto.mx\/noticias\/noticias\/educativas-nacionales\/8301-cientificos-del-cidte-construyen-nanosatelite\">Cient\u00edficos del CIDTE construyen nanosat\u00e9lite<\/a><\/li>\n<li><a href=\"http:\/\/ljz.mx\/2017\/09\/07\/sede-de-la-agencia-espacial-mexicana-en-el-estado-trabajara-en-convenio-con-sedena\/\">Sede de la Agencia Espacial Mexicana en el estado trabajar\u00e1 en convenio con Sedena<\/a><\/li>\n<li><a href=\"https:\/\/www.gob.mx\/aem\/prensa\/desarrollan-proyectos-de-telecomunicaciones-espaciales-en-zacatecas-91877?idiom=es\">Desarrollan proyectos de telecomunicaciones espaciales en Zacatecas<\/a><\/li>\n<li><a href=\"http:\/\/aficionzac.com\/el-cidte-buscara-la-colaboracion-internacional-para-desarrollar-investigacion\/\">El CIDTE buscar\u00e1 la colaboraci\u00f3n internacional para desarrollar investigaci\u00f3n<\/a><\/li>\n<li><a href=\"http:\/\/www.infoespacial.com\/latam\/2017\/01\/26\/noticia-apuesta-desarrollo-proyectos-telecomunicaciones.html\">La AEM apuesta por el desarrollode proyectos de telecomunicaciones<\/a><\/li>\n<li><a href=\"http:\/\/www.conacytprensa.mx\/index.php\/tecnologia\/tic\/18552-dispositivo-seguridad-minera\">Desarrollan dispositivo de seguridad minera<\/a><\/li>\n<li><a href=\"https:\/\/www.eleconomista.com.mx\/arteseideas\/Proyecta-Jalisco-comercializar-informacion-satelital-20171002-0079.html\">Proyecta Jalisco comercializar informaci\u00f3n satelital<\/a><\/li>\n<li><a href=\"https:\/\/www.zacatecas.gob.mx\/semana-de-nuevos-talentos-del-cozcyt-2017-busca-orientar-vocaciones-a-la-ciencia-y-tecnologia\/\">Semana de Nuevos Talentos del Cozcyt 2017 busca orientar vocaciones a la ciencia y tecnolog\u00eda<\/a><\/li>\n<li><a href=\"http:\/\/ljz.mx\/2017\/04\/07\/uaz-primera-institucion-mexicana-en-enviar-nanosatelite-al-espacio\/\">UAZ, primera instituci\u00f3n mexicana en enviar un nanosat\u00e9lite al espacio<\/a><\/li>\n<li><a href=\"http:\/\/eltrochilero.com\/sedena-programa-satelital-zacatecas\/\">Desarrollar\u00e1 SEDENA programa satelital desde Zacatecas<\/a><\/li>\n<li><a href=\"http:\/\/www.vertigopolitico.com\/articulo\/45769\/Fortaleza-del-mercado-aeroespacial-mexicano\">Fortaleza del mercado aeroespacial mexicano<\/a><\/li>\n<\/ul>\n","protected":false},"excerpt":{"rendered":"<p>Inauguran centro de telecomunicaciones espaciales \u00bfC\u00f3mo funciona una estaci\u00f3n terrena? Cient\u00edficos del CIDTE construyen nanosat\u00e9lite Cient\u00edficos mexicanos construyen el segundo nanosat\u00e9lite del pa\u00eds Desarrollan aplicaci\u00f3n para cifrado de texto en telefon\u00eda m\u00f3vil Cient\u00edficos del CIDTE desarrollan sistema de telecomunicaci\u00f3n satelital &hellip;<\/p>\n<p class=\"read-more\"> <a class=\"more-link\" href=\"http:\/\/cidte.uaz.edu.mx\/web\/index.php\/investigacion-y-desarrollo\/publicaciones\/otros\/\"> <span class=\"screen-reader-text\">Noticias sobre nosotros<\/span> Leer m\u00e1s \u00bb<\/a><\/p>\n","protected":false},"author":2,"featured_media":0,"parent":50,"menu_order":0,"comment_status":"closed","ping_status":"closed","template":"full-width-page.php","meta":[],"_links":{"self":[{"href":"http:\/\/cidte.uaz.edu.mx\/web\/index.php\/wp-json\/wp\/v2\/pages\/60"}],"collection":[{"href":"http:\/\/cidte.uaz.edu.mx\/web\/index.php\/wp-json\/wp\/v2\/pages"}],"about":[{"href":"http:\/\/cidte.uaz.edu.mx\/web\/index.php\/wp-json\/wp\/v2\/types\/page"}],"author":[{"embeddable":true,"href":"http:\/\/cidte.uaz.edu.mx\/web\/index.php\/wp-json\/wp\/v2\/users\/2"}],"replies":[{"embeddable":true,"href":"http:\/\/cidte.uaz.edu.mx\/web\/index.php\/wp-json\/wp\/v2\/comments?post=60"}],"version-history":[{"count":17,"href":"http:\/\/cidte.uaz.edu.mx\/web\/index.php\/wp-json\/wp\/v2\/pages\/60\/revisions"}],"predecessor-version":[{"id":590,"href":"http:\/\/cidte.uaz.edu.mx\/web\/index.php\/wp-json\/wp\/v2\/pages\/60\/revisions\/590"}],"up":[{"embeddable":true,"href":"http:\/\/cidte.uaz.edu.mx\/web\/index.php\/wp-json\/wp\/v2\/pages\/50"}],"wp:attachment":[{"href":"http:\/\/cidte.uaz.edu.mx\/web\/index.php\/wp-json\/wp\/v2\/media?parent=60"}],"curies":[{"name":"wp","href":"https:\/\/api.w.org\/{rel}","templated":true}]}}