{"id":671,"date":"2020-06-09T20:27:46","date_gmt":"2020-06-10T02:27:46","guid":{"rendered":"http:\/\/cidte.uaz.edu.mx\/web\/?page_id=671"},"modified":"2020-06-09T20:33:07","modified_gmt":"2020-06-10T02:33:07","slug":"dr-remberto-sandoval-arechiga","status":"publish","type":"page","link":"http:\/\/cidte.uaz.edu.mx\/web\/index.php\/equipo-de-trabajo\/dr-remberto-sandoval-arechiga\/","title":{"rendered":"Dr. Remberto Sandoval Arechiga"},"content":{"rendered":"\n<p> Remberto Sandoval-Arechiga obtuvo los grados de Ingeniero en Comunicaciones y Electr\u00f3nica por la Universidad Auto\u00f3noma de Zacatecas (UAZ) en el 2002, Maestr\u00eda y Doctorado en Ciencias con especialidad en telecomunicaciones en el CINVESTAV del IPN en Zacatenco (2006) y Guadalajara (2016), respectivamente. <\/p>\n\n\n\n<p> Actualmente es profesor investigador en el Centro de Investigaci\u00f3n y Desarrollo en Telecomunicaciones (CIDTE) de la UAZ. Ha colaborado en diferentes proyectos de desarrollo tecnol\u00f3gico con entidades nacionales e internacionales. Trabaja actualmente en desarrollos tecnol\u00f3gicos para instituciones privadas y gubernamentales como la Agencia Espacial Mexicana. Sus intereses de investigaci\u00f3n son las telecomunicaciones, los SoC\u2019s y las redes en chip. El Dr. Sandoval-Arechiga es miembro del IEEE en las sociedades <em>ComSoc<\/em>, <em>Computer <\/em>y <em>CAS<\/em>. <\/p>\n\n\n\n<div class=\"wp-block-image is-style-default\"><figure class=\"aligncenter is-resized\"><a href=\"http:\/\/cidte.uaz.edu.mx\/web\/wp-content\/uploads\/2020\/06\/Dr.RembertoSandoval.pdf\"><img loading=\"lazy\" src=\"http:\/\/cidte.uaz.edu.mx\/web\/wp-content\/uploads\/2015\/11\/pdf_logo.png\" alt=\"Enlace a la ficha docente\" class=\"wp-image-100\" width=\"108\" height=\"108\" srcset=\"http:\/\/cidte.uaz.edu.mx\/web\/wp-content\/uploads\/2015\/11\/pdf_logo.png 256w, http:\/\/cidte.uaz.edu.mx\/web\/wp-content\/uploads\/2015\/11\/pdf_logo-150x150.png 150w, http:\/\/cidte.uaz.edu.mx\/web\/wp-content\/uploads\/2015\/11\/pdf_logo-100x100.png 100w, http:\/\/cidte.uaz.edu.mx\/web\/wp-content\/uploads\/2015\/11\/pdf_logo-200x200.png 200w\" sizes=\"(max-width: 108px) 100vw, 108px\" \/><\/a><\/figure><\/div>\n","protected":false},"excerpt":{"rendered":"<p>Remberto Sandoval-Arechiga obtuvo los grados de Ingeniero en Comunicaciones y Electr\u00f3nica por la Universidad Auto\u00f3noma de Zacatecas (UAZ) en el 2002, Maestr\u00eda y Doctorado en Ciencias con especialidad en telecomunicaciones en el CINVESTAV del IPN en Zacatenco (2006) y Guadalajara &hellip;<\/p>\n<p class=\"read-more\"> <a class=\"more-link\" href=\"http:\/\/cidte.uaz.edu.mx\/web\/index.php\/equipo-de-trabajo\/dr-remberto-sandoval-arechiga\/\"> <span class=\"screen-reader-text\">Dr. Remberto Sandoval Arechiga<\/span> Leer m\u00e1s \u00bb<\/a><\/p>\n","protected":false},"author":4,"featured_media":0,"parent":43,"menu_order":0,"comment_status":"closed","ping_status":"closed","template":"full-width-page.php","meta":[],"_links":{"self":[{"href":"http:\/\/cidte.uaz.edu.mx\/web\/index.php\/wp-json\/wp\/v2\/pages\/671"}],"collection":[{"href":"http:\/\/cidte.uaz.edu.mx\/web\/index.php\/wp-json\/wp\/v2\/pages"}],"about":[{"href":"http:\/\/cidte.uaz.edu.mx\/web\/index.php\/wp-json\/wp\/v2\/types\/page"}],"author":[{"embeddable":true,"href":"http:\/\/cidte.uaz.edu.mx\/web\/index.php\/wp-json\/wp\/v2\/users\/4"}],"replies":[{"embeddable":true,"href":"http:\/\/cidte.uaz.edu.mx\/web\/index.php\/wp-json\/wp\/v2\/comments?post=671"}],"version-history":[{"count":2,"href":"http:\/\/cidte.uaz.edu.mx\/web\/index.php\/wp-json\/wp\/v2\/pages\/671\/revisions"}],"predecessor-version":[{"id":674,"href":"http:\/\/cidte.uaz.edu.mx\/web\/index.php\/wp-json\/wp\/v2\/pages\/671\/revisions\/674"}],"up":[{"embeddable":true,"href":"http:\/\/cidte.uaz.edu.mx\/web\/index.php\/wp-json\/wp\/v2\/pages\/43"}],"wp:attachment":[{"href":"http:\/\/cidte.uaz.edu.mx\/web\/index.php\/wp-json\/wp\/v2\/media?parent=671"}],"curies":[{"name":"wp","href":"https:\/\/api.w.org\/{rel}","templated":true}]}}