{"id":680,"date":"2020-06-09T21:33:53","date_gmt":"2020-06-10T03:33:53","guid":{"rendered":"http:\/\/cidte.uaz.edu.mx\/web\/?page_id=680"},"modified":"2020-06-09T21:33:53","modified_gmt":"2020-06-10T03:33:53","slug":"dr-viktor-ivan-rodriguez-abdala","status":"publish","type":"page","link":"http:\/\/cidte.uaz.edu.mx\/web\/index.php\/equipo-de-trabajo\/dr-viktor-ivan-rodriguez-abdala\/","title":{"rendered":"Dr. V\u00edktor Iv\u00e1n Rodr\u00edguez Abdal\u00e1"},"content":{"rendered":"\n<p>Obtuvo el grado de\nDoctor en Ciencias en Electr\u00f3nica y Telecomunicaciones y Maestro en Ciencias en\nElectr\u00f3nica y Telecomunicaciones por el Centro de Investigaci\u00f3n Cient\u00edfica y\nEducaci\u00f3n Superior de Ensenada (CICESE), B.C., M\u00e9xico en 2016 y 2015,\nrespectivamente. Desde 2005 ha realizado investigaci\u00f3n y proyectos en\ncomunicaciones inal\u00e1mbricas de redes locales y celulares de \u00faltima generaci\u00f3n,\nradio definido por software, Internet de las Cosas, sistemas embebidos y redes\nde comunicaciones de computadoras orientado al uso de software libre que\nincluyen gesti\u00f3n y seguridad.<\/p>\n\n\n\n<p>Desde 2018 es\nprofesor investigador titular A por parte de la Universidad Aut\u00f3noma de\nZacatecas \u201cFrancisco Garc\u00eda Salinas\u201d en la Unidad Acad\u00e9mica de Ingenier\u00eda\nEl\u00e9ctrica. Actualmente es colaborador del Centro de Investigaci\u00f3n, Innovaci\u00f3n y\nDesarrollo en Telecomunicaciones (CIDTE) y miembro del cuerpo acad\u00e9mico\nUAZ-CA-201 \u201cTelecomunicaciones y Electr\u00f3nica\u201d. Desde 2020 es editor en jefe de\nla revista electr\u00f3nica \u201cDifu100ci@, Revista de difusi\u00f3n cient\u00edfica, ingenier\u00eda\ny tecnolog\u00edas\u201d.<\/p>\n\n\n\n<div class=\"wp-container-1 wp-block-group\"><div class=\"wp-block-group__inner-container\">\n<p>Ha impartido cursos\nrelacionados al \u00e1rea de telecomunicaciones y procesamiento de se\u00f1ales para\ninstituciones de educaci\u00f3n p\u00fablicas y privadas a nivel de licenciatura y\nposgrado, as\u00ed como a empresas privadas. Ha dirigido tesis a nivel de\nlicenciatura y tesis de maestr\u00eda.<\/p>\n<\/div><\/div>\n\n\n\n<div class=\"wp-block-image is-style-default\"><figure class=\"aligncenter is-resized\"><a href=\"http:\/\/cidte.uaz.edu.mx\/web\/wp-content\/uploads\/2020\/06\/Dr.VictorIvanRodriguezAbdala.pdf\"><img loading=\"lazy\" src=\"http:\/\/cidte.uaz.edu.mx\/web\/wp-content\/uploads\/2015\/11\/pdf_logo.png\" alt=\"Enlace a la ficha docente\" class=\"wp-image-100\" width=\"108\" height=\"108\" srcset=\"http:\/\/cidte.uaz.edu.mx\/web\/wp-content\/uploads\/2015\/11\/pdf_logo.png 256w, http:\/\/cidte.uaz.edu.mx\/web\/wp-content\/uploads\/2015\/11\/pdf_logo-150x150.png 150w, http:\/\/cidte.uaz.edu.mx\/web\/wp-content\/uploads\/2015\/11\/pdf_logo-100x100.png 100w, http:\/\/cidte.uaz.edu.mx\/web\/wp-content\/uploads\/2015\/11\/pdf_logo-200x200.png 200w\" sizes=\"(max-width: 108px) 100vw, 108px\" \/><\/a><\/figure><\/div>\n\n\n\n<p><\/p>\n","protected":false},"excerpt":{"rendered":"<p>Obtuvo el grado de Doctor en Ciencias en Electr\u00f3nica y Telecomunicaciones y Maestro en Ciencias en Electr\u00f3nica y Telecomunicaciones por el Centro de Investigaci\u00f3n Cient\u00edfica y Educaci\u00f3n Superior de Ensenada (CICESE), B.C., M\u00e9xico en 2016 y 2015, respectivamente. Desde 2005 &hellip;<\/p>\n<p class=\"read-more\"> <a class=\"more-link\" href=\"http:\/\/cidte.uaz.edu.mx\/web\/index.php\/equipo-de-trabajo\/dr-viktor-ivan-rodriguez-abdala\/\"> <span class=\"screen-reader-text\">Dr. V\u00edktor Iv\u00e1n Rodr\u00edguez Abdal\u00e1<\/span> Leer m\u00e1s \u00bb<\/a><\/p>\n","protected":false},"author":4,"featured_media":0,"parent":43,"menu_order":0,"comment_status":"closed","ping_status":"closed","template":"full-width-page.php","meta":[],"_links":{"self":[{"href":"http:\/\/cidte.uaz.edu.mx\/web\/index.php\/wp-json\/wp\/v2\/pages\/680"}],"collection":[{"href":"http:\/\/cidte.uaz.edu.mx\/web\/index.php\/wp-json\/wp\/v2\/pages"}],"about":[{"href":"http:\/\/cidte.uaz.edu.mx\/web\/index.php\/wp-json\/wp\/v2\/types\/page"}],"author":[{"embeddable":true,"href":"http:\/\/cidte.uaz.edu.mx\/web\/index.php\/wp-json\/wp\/v2\/users\/4"}],"replies":[{"embeddable":true,"href":"http:\/\/cidte.uaz.edu.mx\/web\/index.php\/wp-json\/wp\/v2\/comments?post=680"}],"version-history":[{"count":4,"href":"http:\/\/cidte.uaz.edu.mx\/web\/index.php\/wp-json\/wp\/v2\/pages\/680\/revisions"}],"predecessor-version":[{"id":684,"href":"http:\/\/cidte.uaz.edu.mx\/web\/index.php\/wp-json\/wp\/v2\/pages\/680\/revisions\/684"}],"up":[{"embeddable":true,"href":"http:\/\/cidte.uaz.edu.mx\/web\/index.php\/wp-json\/wp\/v2\/pages\/43"}],"wp:attachment":[{"href":"http:\/\/cidte.uaz.edu.mx\/web\/index.php\/wp-json\/wp\/v2\/media?parent=680"}],"curies":[{"name":"wp","href":"https:\/\/api.w.org\/{rel}","templated":true}]}}