{"id":690,"date":"2020-06-09T22:12:07","date_gmt":"2020-06-10T04:12:07","guid":{"rendered":"http:\/\/cidte.uaz.edu.mx\/web\/?page_id=690"},"modified":"2020-06-09T22:12:07","modified_gmt":"2020-06-10T04:12:07","slug":"diseno-de-sistemas-embebidos","status":"publish","type":"page","link":"http:\/\/cidte.uaz.edu.mx\/web\/index.php\/investigacion-y-desarrollo\/areas-de-desarrollo\/diseno-de-sistemas-embebidos\/","title":{"rendered":"Dise\u00f1o de Sistemas Embebidos"},"content":{"rendered":"\n<p> El \u00e1rea de <em>&#8220;Dise\u00f1o de Sistemas Embebidos&#8221;<\/em> lleva a cabo el desarrollo utilizando herramientas de Xilinx de IP-Cores para compresi\u00f3n de informaci\u00f3n como Compresor LOCO de im\u00e1genes sin p\u00e9rdidas. Compresor LZW. IP-Cores de comunicaci\u00f3n. <\/p>\n","protected":false},"excerpt":{"rendered":"<p>El \u00e1rea de &#8220;Dise\u00f1o de Sistemas Embebidos&#8221; lleva a cabo el desarrollo utilizando herramientas de Xilinx de IP-Cores para compresi\u00f3n de informaci\u00f3n como Compresor LOCO de im\u00e1genes sin p\u00e9rdidas. Compresor LZW. IP-Cores de comunicaci\u00f3n.<\/p>\n","protected":false},"author":4,"featured_media":0,"parent":14,"menu_order":0,"comment_status":"closed","ping_status":"closed","template":"full-width-page.php","meta":[],"_links":{"self":[{"href":"http:\/\/cidte.uaz.edu.mx\/web\/index.php\/wp-json\/wp\/v2\/pages\/690"}],"collection":[{"href":"http:\/\/cidte.uaz.edu.mx\/web\/index.php\/wp-json\/wp\/v2\/pages"}],"about":[{"href":"http:\/\/cidte.uaz.edu.mx\/web\/index.php\/wp-json\/wp\/v2\/types\/page"}],"author":[{"embeddable":true,"href":"http:\/\/cidte.uaz.edu.mx\/web\/index.php\/wp-json\/wp\/v2\/users\/4"}],"replies":[{"embeddable":true,"href":"http:\/\/cidte.uaz.edu.mx\/web\/index.php\/wp-json\/wp\/v2\/comments?post=690"}],"version-history":[{"count":2,"href":"http:\/\/cidte.uaz.edu.mx\/web\/index.php\/wp-json\/wp\/v2\/pages\/690\/revisions"}],"predecessor-version":[{"id":692,"href":"http:\/\/cidte.uaz.edu.mx\/web\/index.php\/wp-json\/wp\/v2\/pages\/690\/revisions\/692"}],"up":[{"embeddable":true,"href":"http:\/\/cidte.uaz.edu.mx\/web\/index.php\/wp-json\/wp\/v2\/pages\/14"}],"wp:attachment":[{"href":"http:\/\/cidte.uaz.edu.mx\/web\/index.php\/wp-json\/wp\/v2\/media?parent=690"}],"curies":[{"name":"wp","href":"https:\/\/api.w.org\/{rel}","templated":true}]}}