{"id":70,"date":"2015-11-10T05:17:07","date_gmt":"2015-11-10T11:17:07","guid":{"rendered":"http:\/\/cidte.reduaz.mx\/web\/?page_id=70"},"modified":"2020-06-16T22:17:55","modified_gmt":"2020-06-17T04:17:55","slug":"licenciatura","status":"publish","type":"page","link":"http:\/\/cidte.uaz.edu.mx\/web\/index.php\/formacion-de-rh\/tesistas\/licenciatura\/","title":{"rendered":"Licenciatura"},"content":{"rendered":"<h4>\u00a0<\/h4>\n<h4>Dr. I. A. Arriaga Trejo<\/h4>\n<table>\n<tbody>\n<tr>\n<td width=\"206\">\n<p><strong>T\u00edtulo de tesis<\/strong><\/p>\n<\/td>\n<td width=\"393\">\n<p><strong>Dise\u00f1o e implementaci\u00f3n de una aeronave no tripulada del tipo cuadrirotor<\/strong><\/p>\n<\/td>\n<\/tr>\n<tr>\n<td width=\"206\">\n<p><strong>Nombre completo (Tesista)<\/strong><\/p>\n<\/td>\n<td width=\"393\">\n<p>Jorge Garc\u00eda Ru\u00edz, Jes\u00fas Manuel Delgado Torres<\/p>\n<\/td>\n<\/tr>\n<\/tbody>\n<\/table>\n<h4>\u00a0<\/h4>\n<h4>\u00a0<\/h4>\n<h4>Dr. Manuel Hern\u00e1ndez Calvi\u00f1o, Dr.Jorge Flores<\/h4>\n<table>\n<tbody>\n<tr>\n<td width=\"206\">\n<p><strong>T\u00edtulo de tesis<\/strong><\/p>\n<\/td>\n<td width=\"393\">\n<p><strong>Desarrollo de una aplicaci\u00f3n para la interpretaci\u00f3n gr\u00e1fica de los datos trasmitidos por un CubeSat<\/strong><\/p>\n<\/td>\n<\/tr>\n<tr>\n<td width=\"206\">\n<p><strong>Nombre completo (Tesista)<\/strong><\/p>\n<\/td>\n<td width=\"393\">\n<p>Celina Nava Troncoso<\/p>\n<\/td>\n<\/tr>\n<\/tbody>\n<\/table>\n<h4>\u00a0<\/h4>\n<h4>\u00a0<\/h4>\n<h4>Dr. Jorge Ulises Mu\u00f1oz Minjares<\/h4>\n<table>\n<tbody>\n<tr>\n<td width=\"206\">\n<p><strong>T\u00edtulo de tesis<\/strong><\/p>\n<\/td>\n<td width=\"393\">\n<p><strong>Estimaci\u00f3n de rutas bas\u00e1ndose en mediciones GPS mediante filtrado UFIR.<\/strong><\/p>\n<\/td>\n<\/tr>\n<tr>\n<td width=\"206\">\n<p><strong>Nombre completo (Tesista)<\/strong><\/p>\n<\/td>\n<td width=\"393\">\n<p>Jos\u00e9 de Jes\u00fas Morfin Ledezma<\/p>\n<\/td>\n<\/tr>\n<\/tbody>\n<\/table>\n<h4>\u00a0<\/h4>\n<table>\n<tbody>\n<tr>\n<td width=\"206\">\n<p><strong>T\u00edtulo de tesis<\/strong><\/p>\n<\/td>\n<td width=\"393\">\n<p><strong>Dispositivo registrador de coordenas GPS usando veh\u00edculos a\u00e9reos y terrestres.<\/strong><\/p>\n<\/td>\n<\/tr>\n<tr>\n<td width=\"206\">\n<p><strong>Nombre completo (Tesista)<\/strong><\/p>\n<\/td>\n<td width=\"393\">\n<p>\u00a0 Marcos Ruvalcaba Garc\u00eda<\/p>\n<\/td>\n<\/tr>\n<\/tbody>\n<\/table>\n<p>\u00a0<\/p>\n<h4 style=\"text-align: left;\">\u00a0<\/h4>\n<table>\n<tbody>\n<tr>\n<td width=\"206\">\n<p><strong>T\u00edtulo de tesis<\/strong><\/p>\n<\/td>\n<td width=\"393\">\n<p><strong>Detecci\u00f3n de objetos org\u00e1nicos e inorg\u00e1nicos mediante procesamiento de im\u00e1genes y veh\u00edculos no tripulados.<\/strong><\/p>\n<\/td>\n<\/tr>\n<tr>\n<td width=\"206\">\n<p><strong>Nombre completo (Tesista)<\/strong><\/p>\n<\/td>\n<td width=\"393\">\n<p>Jaime Renteria Isaac<\/p>\n<\/td>\n<\/tr>\n<\/tbody>\n<\/table>\n<p>\u00a0<\/p>\n","protected":false},"excerpt":{"rendered":"<p>\u00a0 Dr. I. A. Arriaga Trejo T\u00edtulo de tesis Dise\u00f1o e implementaci\u00f3n de una aeronave no tripulada del tipo cuadrirotor Nombre completo (Tesista) Jorge Garc\u00eda Ru\u00edz, Jes\u00fas Manuel Delgado Torres \u00a0 \u00a0 Dr. Manuel Hern\u00e1ndez Calvi\u00f1o, Dr.Jorge Flores T\u00edtulo de &hellip;<\/p>\n<p class=\"read-more\"> <a class=\"more-link\" href=\"http:\/\/cidte.uaz.edu.mx\/web\/index.php\/formacion-de-rh\/tesistas\/licenciatura\/\"> <span class=\"screen-reader-text\">Licenciatura<\/span> Leer m\u00e1s \u00bb<\/a><\/p>\n","protected":false},"author":2,"featured_media":0,"parent":66,"menu_order":32,"comment_status":"closed","ping_status":"closed","template":"full-width-page.php","meta":[],"_links":{"self":[{"href":"http:\/\/cidte.uaz.edu.mx\/web\/index.php\/wp-json\/wp\/v2\/pages\/70"}],"collection":[{"href":"http:\/\/cidte.uaz.edu.mx\/web\/index.php\/wp-json\/wp\/v2\/pages"}],"about":[{"href":"http:\/\/cidte.uaz.edu.mx\/web\/index.php\/wp-json\/wp\/v2\/types\/page"}],"author":[{"embeddable":true,"href":"http:\/\/cidte.uaz.edu.mx\/web\/index.php\/wp-json\/wp\/v2\/users\/2"}],"replies":[{"embeddable":true,"href":"http:\/\/cidte.uaz.edu.mx\/web\/index.php\/wp-json\/wp\/v2\/comments?post=70"}],"version-history":[{"count":7,"href":"http:\/\/cidte.uaz.edu.mx\/web\/index.php\/wp-json\/wp\/v2\/pages\/70\/revisions"}],"predecessor-version":[{"id":781,"href":"http:\/\/cidte.uaz.edu.mx\/web\/index.php\/wp-json\/wp\/v2\/pages\/70\/revisions\/781"}],"up":[{"embeddable":true,"href":"http:\/\/cidte.uaz.edu.mx\/web\/index.php\/wp-json\/wp\/v2\/pages\/66"}],"wp:attachment":[{"href":"http:\/\/cidte.uaz.edu.mx\/web\/index.php\/wp-json\/wp\/v2\/media?parent=70"}],"curies":[{"name":"wp","href":"https:\/\/api.w.org\/{rel}","templated":true}]}}