{"id":72,"date":"2015-11-10T05:17:40","date_gmt":"2015-11-10T11:17:40","guid":{"rendered":"http:\/\/cidte.reduaz.mx\/web\/?page_id=72"},"modified":"2020-06-16T22:12:56","modified_gmt":"2020-06-17T04:12:56","slug":"maestria","status":"publish","type":"page","link":"http:\/\/cidte.uaz.edu.mx\/web\/index.php\/formacion-de-rh\/tesistas\/maestria\/","title":{"rendered":"Maestr\u00eda"},"content":{"rendered":"<h4>\u00a0<\/h4>\n<h4>Dr. Salvador Villarreal Reyes, Dr. Jorge Flores Troncoso<\/h4>\n<table>\n<tbody>\n<tr>\n<td width=\"206\">\n<p><strong>T\u00edtulo de tesis<\/strong><\/p>\n<\/td>\n<td width=\"393\">\n<p><strong>Dise\u00f1o de un sistema de acceso al medio y modulaci\u00f3n en banda base utilizando radio definido por software para comunicaci\u00f3n de largo alcance entre boyas<\/strong><\/p>\n<\/td>\n<\/tr>\n<tr>\n<td width=\"206\">\n<p><strong>Nombre completo (Tesista)<\/strong><\/p>\n<\/td>\n<td width=\"393\">\n<p>Guillermo Gonz\u00e1lez Mart\u00ednez<\/p>\n<\/td>\n<\/tr>\n<\/tbody>\n<\/table>\n<h4>\u00a0<\/h4>\n<p>\u00a0<\/p>\n<h4>Dr. Ram\u00f3n Parra Michel, Dr. Jorge Flores Troncoso<\/h4>\n<table>\n<tbody>\n<tr>\n<td width=\"206\">\n<p><strong>T\u00edtulo de tesis<\/strong><\/p>\n<\/td>\n<td width=\"393\">\n<p><strong>Dise\u00f1o de una plataforma de servidor de 4 sockets para la verificaci\u00f3n de la siguiente generaci\u00f3n de CPU y PCH<\/strong><\/p>\n<\/td>\n<\/tr>\n<tr>\n<td width=\"206\">\n<p><strong>Nombre completo (Tesista)<\/strong><\/p>\n<\/td>\n<td width=\"393\">\n<p>Gerardo Emilio Baldini \u00c1lvarez<\/p>\n<\/td>\n<\/tr>\n<\/tbody>\n<\/table>\n<h4>\u00a0<\/h4>\n<h4>\u00a0<\/h4>\n<h4>Dr. V\u00edktor Iv\u00e1n Rodr\u00edguez Abdal\u00e1, Dr. Jorge Flores Troncoso<\/h4>\n<table>\n<tbody>\n<tr>\n<td width=\"206\">\n<p><strong>T\u00edtulo de tesis<\/strong><\/p>\n<\/td>\n<td width=\"393\">\n<p><strong>Dise\u00f1o de una interfaz gr\u00e1fica para un receptor SDR Satelital basado en python<\/strong><\/p>\n<\/td>\n<\/tr>\n<tr>\n<td width=\"206\">\n<p><strong>Nombre completo (Tesista)<\/strong><\/p>\n<\/td>\n<td width=\"393\">\n<p>Gareth Chaidez Montenegro<\/p>\n<\/td>\n<\/tr>\n<\/tbody>\n<\/table>\n<h4>\u00a0<\/h4>\n<h4>\u00a0<\/h4>\n<h4>Dr. Remberto Sandoval Ar\u00e9chiga, Dr. Jorge Flores Troncoso, Dr. Salvador Ibarra Garc\u00eda<\/h4>\n<table>\n<tbody>\n<tr>\n<td width=\"206\">\n<p><strong>T\u00edtulo de tesis<\/strong><\/p>\n<\/td>\n<td width=\"393\">\n<p>\u00a0<\/p>\n<\/td>\n<\/tr>\n<tr>\n<td width=\"206\">\n<p><strong>Nombre completo (Tesista)<\/strong><\/p>\n<\/td>\n<td width=\"393\">\n<p>Jes\u00fas Garc\u00eda Gonz\u00e1lez<\/p>\n<\/td>\n<\/tr>\n<\/tbody>\n<\/table>\n<h4>\u00a0<\/h4>\n<h4>\u00a0<\/h4>\n<h4>Dr. Jorge Sim\u00f3n Rodr\u00edguez<\/h4>\n<table>\n<tbody>\n<tr>\n<td width=\"206\">\n<p><strong>T\u00edtulo de tesis<\/strong><\/p>\n<\/td>\n<td width=\"393\">\n<p><strong>Dise\u00f1o, Director Tesis de Maestr\u00eda en Procesocaracterizaci\u00f3n de antenas para comunicaciones espaciales usando el est\u00e1ndar CubeSat<\/strong><\/p>\n<\/td>\n<\/tr>\n<tr>\n<td width=\"206\">\n<p><strong>Nombre completo (Tesista)<\/strong><\/p>\n<\/td>\n<td width=\"393\">\n<p>Ing. Hugo Andr\u00e9s P\u00e9rez Guerrero<\/p>\n<\/td>\n<\/tr>\n<\/tbody>\n<\/table>\n<h4>\u00a0<\/h4>\n","protected":false},"excerpt":{"rendered":"<p>\u00a0 Dr. Salvador Villarreal Reyes, Dr. Jorge Flores Troncoso T\u00edtulo de tesis Dise\u00f1o de un sistema de acceso al medio y modulaci\u00f3n en banda base utilizando radio definido por software para comunicaci\u00f3n de largo alcance entre boyas Nombre completo (Tesista) &hellip;<\/p>\n<p class=\"read-more\"> <a class=\"more-link\" href=\"http:\/\/cidte.uaz.edu.mx\/web\/index.php\/formacion-de-rh\/tesistas\/maestria\/\"> <span class=\"screen-reader-text\">Maestr\u00eda<\/span> Leer m\u00e1s \u00bb<\/a><\/p>\n","protected":false},"author":2,"featured_media":0,"parent":66,"menu_order":33,"comment_status":"closed","ping_status":"closed","template":"full-width-page.php","meta":[],"_links":{"self":[{"href":"http:\/\/cidte.uaz.edu.mx\/web\/index.php\/wp-json\/wp\/v2\/pages\/72"}],"collection":[{"href":"http:\/\/cidte.uaz.edu.mx\/web\/index.php\/wp-json\/wp\/v2\/pages"}],"about":[{"href":"http:\/\/cidte.uaz.edu.mx\/web\/index.php\/wp-json\/wp\/v2\/types\/page"}],"author":[{"embeddable":true,"href":"http:\/\/cidte.uaz.edu.mx\/web\/index.php\/wp-json\/wp\/v2\/users\/2"}],"replies":[{"embeddable":true,"href":"http:\/\/cidte.uaz.edu.mx\/web\/index.php\/wp-json\/wp\/v2\/comments?post=72"}],"version-history":[{"count":3,"href":"http:\/\/cidte.uaz.edu.mx\/web\/index.php\/wp-json\/wp\/v2\/pages\/72\/revisions"}],"predecessor-version":[{"id":780,"href":"http:\/\/cidte.uaz.edu.mx\/web\/index.php\/wp-json\/wp\/v2\/pages\/72\/revisions\/780"}],"up":[{"embeddable":true,"href":"http:\/\/cidte.uaz.edu.mx\/web\/index.php\/wp-json\/wp\/v2\/pages\/66"}],"wp:attachment":[{"href":"http:\/\/cidte.uaz.edu.mx\/web\/index.php\/wp-json\/wp\/v2\/media?parent=72"}],"curies":[{"name":"wp","href":"https:\/\/api.w.org\/{rel}","templated":true}]}}