{"id":74,"date":"2015-11-10T05:18:01","date_gmt":"2015-11-10T11:18:01","guid":{"rendered":"http:\/\/cidte.reduaz.mx\/web\/?page_id=74"},"modified":"2020-06-16T22:11:39","modified_gmt":"2020-06-17T04:11:39","slug":"doctorado","status":"publish","type":"page","link":"http:\/\/cidte.uaz.edu.mx\/web\/index.php\/formacion-de-rh\/tesistas\/doctorado\/","title":{"rendered":"Doctorado"},"content":{"rendered":"\n<p><\/p>\n\n\n\n<p><\/p>\n\n\n\n<p><\/p>\n\n\n<h4>Dr. Juvenal Villanueva Maldonado, Dr. Jorge Flores Troncoso<\/h4>\n<table>\n<tbody>\n<tr>\n<td width=\"206\">\n<p><strong>T\u00edtulo de tesis<\/strong><\/p>\n<\/td>\n<td width=\"393\">\n<p><strong>Estabilizaci\u00f3n a\u00e9rea de UAVs en trayectoria con perturbaciones externas<\/strong><\/p>\n<\/td>\n<\/tr>\n<tr>\n<td width=\"206\">\n<p><strong>Nombre completo (Tesista)<\/strong><\/p>\n<\/td>\n<td width=\"393\">\n<p>Miguel \u00c1ngel Garc\u00eda S\u00e1nchez<\/p>\n<\/td>\n<\/tr>\n<\/tbody>\n<\/table>\n<h5>\u00a0<\/h5>\n<h5>\u00a0<\/h5>\n<h4>Dr. Jorge Flores Troncoso, Dr. Remberto Sandoval Ar\u00e9chiga, Codirector: Dr. Agust\u00edn Enciso Mu\u00f1oz<\/h4>\n<table>\n<tbody>\n<tr>\n<td width=\"206\">\n<p><strong>T\u00edtulo de tesis<\/strong><\/p>\n<\/td>\n<td width=\"393\">\n<p><strong>Despliegue de infraestructura para provisi\u00f3n de servicios de banda ancha en el Parque Cient\u00edfico y Tecnol\u00f3gico de Zacatecas<\/strong><\/p>\n<\/td>\n<\/tr>\n<tr>\n<td width=\"206\">\n<p><strong>Nombre completo (Tesista)<\/strong><\/p>\n<\/td>\n<td width=\"393\">\n<p>Ricardo G\u00f3mez Rodr\u00edguez<\/p>\n<\/td>\n<\/tr>\n<\/tbody>\n<\/table>\n<h5>\u00a0<\/h5>\n<h5>\u00a0<\/h5>\n<h4>Dr. Jorge Flores Troncoso, Dr. Rigoberto Jauregui Duran, CoDirector: Dr. Jorge Sim\u00f3n Rodr\u00edguez<\/h4>\n<table>\n<tbody>\n<tr>\n<td width=\"206\">\n<p><strong>T\u00edtulo de tesis<\/strong><\/p>\n<\/td>\n<td width=\"393\">\n<p><strong>Dise\u00f1o, modelado y caracterizaci\u00f3n de la etapa de amplificaci\u00f3n y filtrado para un sistema de comunicaciones en la banda S<\/strong><\/p>\n<\/td>\n<\/tr>\n<tr>\n<td width=\"206\">\n<p><strong>Nombre completo (Tesista)<\/strong><\/p>\n<\/td>\n<td width=\"393\">\n<p>Joel Alejandro Castillo Esparza<\/p>\n<\/td>\n<\/tr>\n<\/tbody>\n<\/table>\n<h5>\u00a0<\/h5>\n<h5>\u00a0<\/h5>\n<h4>Dr. Jorge Flores Troncoso, Dr. Leonel Soriano Equigua, Coasesor: Dr. V\u00edktor Iv\u00e1n Rodr\u00edguez Abdal\u00e1<\/h4>\n<table>\n<tbody>\n<tr>\n<td width=\"206\">\n<p><strong>T\u00edtulo de tesis<\/strong><\/p>\n<\/td>\n<td width=\"393\">\n<p><strong>Dise\u00f1o y construcci\u00f3n de un prototipo para la etapa del ABE en la Banda S<\/strong><\/p>\n<\/td>\n<\/tr>\n<tr>\n<td width=\"206\">\n<p><strong>Nombre completo (Tesista)<\/strong><\/p>\n<\/td>\n<td width=\"393\">\n<p>Jos\u00e9 Luis \u00c1lvarez Flores<\/p>\n<\/td>\n<\/tr>\n<\/tbody>\n<\/table>\n<h5>\u00a0<\/h5>\n<h5>\u00a0<\/h5>\n<h4>Dr. Israel Alejandro Arriaga Trejo, Dr. Jorge Flores Troncoso<\/h4>\n<table>\n<tbody>\n<tr>\n<td width=\"206\">\n<p><strong>T\u00edtulo de tesis<\/strong><\/p>\n<\/td>\n<td width=\"393\">\n<p><strong>System for the detection and recognition of common organic and inorganic objetcs(waste) in real time<\/strong><\/p>\n<\/td>\n<\/tr>\n<tr>\n<td width=\"206\">\n<p><strong>Nombre completo (Tesista)<\/strong><\/p>\n<\/td>\n<td width=\"393\">\n<p>Osvaldo Vite Ch\u00e1vez<\/p>\n<\/td>\n<\/tr>\n<\/tbody>\n<\/table>\n<h5>\u00a0<\/h5>\n<h5>\u00a0<\/h5>\n<h4>Dr. Jorge Ulises Mu\u00f1oz Minjares\u00a0<\/h4>\n<table>\n<tbody>\n<tr>\n<td width=\"206\">\n<p><strong>T\u00edtulo de tesis<\/strong><\/p>\n<\/td>\n<td width=\"393\">\n<p><strong>Extracci\u00f3n de caracter\u00edsticas de visi\u00f3n para auxiliar al control de navegaci\u00f3n, de un robot m\u00f3vil aut\u00f3nomo.<\/strong><\/p>\n<\/td>\n<\/tr>\n<tr>\n<td width=\"206\">\n<p><strong>Nombre completo (Tesista)<\/strong><\/p>\n<\/td>\n<td width=\"393\">\n<p>Miguel Navarrete<\/p>\n<\/td>\n<\/tr>\n<\/tbody>\n<\/table>\n<h5>\u00a0<\/h5>\n<table>\n<tbody>\n<tr>\n<td width=\"206\">\n<p><strong>T\u00edtulo de tesis<\/strong><\/p>\n<\/td>\n<td width=\"393\">\n<p><strong>Ubicaci\u00f3n y verificaci\u00f3n de cultivos utilizando un Veh\u00edculo A\u00e9reo No Tripulado VANT.<\/strong><\/p>\n<\/td>\n<\/tr>\n<tr>\n<td width=\"206\">\n<p><strong>Nombre completo (Tesista)<\/strong><\/p>\n<\/td>\n<td width=\"393\">\n<p>Osbaldo Vite Ch\u00e1vez<\/p>\n<\/td>\n<\/tr>\n<\/tbody>\n<\/table>\n<h5>\u00a0<\/h5>\n<h5>\u00a0<\/h5>\n<h4>Dr. Jorge Sim\u00f3n Rodr\u00edguez<\/h4>\n<table>\n<tbody>\n<tr>\n<td width=\"206\">\n<p><strong>T\u00edtulo de tesis<\/strong><\/p>\n<\/td>\n<td width=\"393\">\n<p><strong>Dise\u00f1o, modelado y caracterizaci\u00f3n de la etapa de amplificaci\u00f3n y filtrado para un sistema de comunicaci\u00f3n satelital en banda-S en el segmento espacial<\/strong><\/p>\n<\/td>\n<\/tr>\n<tr>\n<td width=\"206\">\n<p><strong>Nombre completo (Tesista)<\/strong><\/p>\n<\/td>\n<td width=\"393\">\n<p>M.C. Joel Alejandro Castillo Esparza<\/p>\n<\/td>\n<\/tr>\n<\/tbody>\n<\/table>\n<h5>\u00a0<\/h5>\n<table>\n<tbody>\n<tr>\n<td width=\"206\">\n<p><strong>T\u00edtulo de tesis<\/strong><\/p>\n<\/td>\n<td width=\"393\">\n<p><strong>Dise\u00f1o y construcci\u00f3n de un prototipo de Back-End Anal\u00f3gico reconfigurable a trav\u00e9s de radio definido por software para sistemas de percepci\u00f3n remota satelital en banda S<\/strong><\/p>\n<\/td>\n<\/tr>\n<tr>\n<td width=\"206\">\n<p><strong>Nombre completo (Tesista)<\/strong><\/p>\n<\/td>\n<td width=\"393\">\n<p>M.C. Jos\u00e9 Luis Alvarez Flores<\/p>\n<\/td>\n<\/tr>\n<\/tbody>\n<\/table>\n<h4>\u00a0<\/h4>\n<h4>\u00a0<\/h4>\n<h4>Dr. Remberto Sandoval Arechiga\u00a0<\/h4>\n<table>\n<tbody>\n<tr>\n<td width=\"206\">\n<p><strong>T\u00edtulo de tesis<\/strong><\/p>\n<\/td>\n<td width=\"393\">\n<p><strong>Bloques IP para interconexi\u00f3n en Chip<\/strong><\/p>\n<\/td>\n<\/tr>\n<tr>\n<td width=\"206\">\n<p><strong>Nombre completo (Tesista)<\/strong><\/p>\n<\/td>\n<td width=\"393\">\n<p>\u00a0 Laura Garc\u00eda Luciano<\/p>\n<\/td>\n<\/tr>\n<\/tbody>\n<\/table>\n<h5>\u00a0<\/h5>\n<table>\n<tbody>\n<tr>\n<td width=\"206\">\n<p><strong>T\u00edtulo de tesis<\/strong><\/p>\n<\/td>\n<td width=\"393\">\n<p><strong>Programaci\u00f3n de redes en chip definidas por software<\/strong><\/p>\n<\/td>\n<\/tr>\n<tr>\n<td width=\"206\">\n<p><strong>Nombre completo (Tesista)<\/strong><\/p>\n<\/td>\n<td width=\"393\">\n<p>Guillermo Gonz\u00e1lez Mart\u00ednez<\/p>\n<\/td>\n<\/tr>\n<\/tbody>\n<\/table>","protected":false},"excerpt":{"rendered":"<p>Dr. Juvenal Villanueva Maldonado, Dr. Jorge Flores Troncoso T\u00edtulo de tesis Estabilizaci\u00f3n a\u00e9rea de UAVs en trayectoria con perturbaciones externas Nombre completo (Tesista) Miguel \u00c1ngel Garc\u00eda S\u00e1nchez \u00a0 \u00a0 Dr. Jorge Flores Troncoso, Dr. Remberto Sandoval Ar\u00e9chiga, Codirector: Dr. Agust\u00edn &hellip;<\/p>\n<p class=\"read-more\"> <a class=\"more-link\" href=\"http:\/\/cidte.uaz.edu.mx\/web\/index.php\/formacion-de-rh\/tesistas\/doctorado\/\"> <span class=\"screen-reader-text\">Doctorado<\/span> Leer m\u00e1s \u00bb<\/a><\/p>\n","protected":false},"author":2,"featured_media":0,"parent":66,"menu_order":34,"comment_status":"closed","ping_status":"closed","template":"full-width-page.php","meta":[],"_links":{"self":[{"href":"http:\/\/cidte.uaz.edu.mx\/web\/index.php\/wp-json\/wp\/v2\/pages\/74"}],"collection":[{"href":"http:\/\/cidte.uaz.edu.mx\/web\/index.php\/wp-json\/wp\/v2\/pages"}],"about":[{"href":"http:\/\/cidte.uaz.edu.mx\/web\/index.php\/wp-json\/wp\/v2\/types\/page"}],"author":[{"embeddable":true,"href":"http:\/\/cidte.uaz.edu.mx\/web\/index.php\/wp-json\/wp\/v2\/users\/2"}],"replies":[{"embeddable":true,"href":"http:\/\/cidte.uaz.edu.mx\/web\/index.php\/wp-json\/wp\/v2\/comments?post=74"}],"version-history":[{"count":5,"href":"http:\/\/cidte.uaz.edu.mx\/web\/index.php\/wp-json\/wp\/v2\/pages\/74\/revisions"}],"predecessor-version":[{"id":779,"href":"http:\/\/cidte.uaz.edu.mx\/web\/index.php\/wp-json\/wp\/v2\/pages\/74\/revisions\/779"}],"up":[{"embeddable":true,"href":"http:\/\/cidte.uaz.edu.mx\/web\/index.php\/wp-json\/wp\/v2\/pages\/66"}],"wp:attachment":[{"href":"http:\/\/cidte.uaz.edu.mx\/web\/index.php\/wp-json\/wp\/v2\/media?parent=74"}],"curies":[{"name":"wp","href":"https:\/\/api.w.org\/{rel}","templated":true}]}}