{"id":753,"date":"2020-06-16T19:23:32","date_gmt":"2020-06-17T01:23:32","guid":{"rendered":"http:\/\/cidte.uaz.edu.mx\/web\/?page_id=753"},"modified":"2020-06-16T19:52:49","modified_gmt":"2020-06-17T01:52:49","slug":"dr-cristian-eduardo-boyain-y-goitia-luna-2","status":"publish","type":"page","link":"http:\/\/cidte.uaz.edu.mx\/web\/index.php\/equipo-de-trabajo\/dr-cristian-eduardo-boyain-y-goitia-luna-2\/","title":{"rendered":"Dr. Cristian Eduardo Boyain y Goitia Luna"},"content":{"rendered":"\n<p>Cristian Eduardo Boyain y Goytia Luna Obtuvo los grados de Ingeniero en Computaci\u00f3n por la Universidad Aut\u00f3noma de Zacatecas (UAZ) en el 2006, Maestr\u00eda y Doctorado en Ciencias en la especialidad de ingenier\u00eda el\u00e9ctrica en el Centro de Investigaci\u00f3n y de Estudios Avanzados del Instituto Polit\u00e9cnico Nacional (CIVESTAV) unidad Guadalajara en los a\u00f1os 2010 y 2018, respectivamente.  Fue profesor de asignatura en diferentes instituciones privadas de la zona metropolitana de Guadalajara, impartiendo cursos a nivel licenciatura y maestr\u00eda. Trabajo en la industria como desarrollador y gerente de proyectos de aplicaciones m\u00f3viles. Actualmente es docente investigador de tiempo completo en la Unidad Acad\u00e9mica de Ingenier\u00eda El\u00e9ctrica de la Universidad Aut\u00f3noma de Zacatecas (UAZ). Sus intereses de investigaci\u00f3n son aprendizaje por refuerzo profundo, reconocimiento de patrones, l\u00f3gica difusa y aproximaci\u00f3n de funciones.<\/p>\n\n\n\n<div class=\"wp-block-image is-style-default\"><figure class=\"aligncenter is-resized\"><a href=\"http:\/\/cidte.uaz.edu.mx\/web\/wp-content\/uploads\/2020\/06\/Dr.Cristian-Eduardo-Boyain-y-Goitia-Luna.pdff\"><img loading=\"lazy\" src=\"http:\/\/cidte.reduaz.mx\/web\/wp-content\/uploads\/2015\/11\/pdf_logo.png\" alt=\"pdf_logo\" class=\"wp-image-100\" width=\"108\" height=\"108\" srcset=\"http:\/\/cidte.uaz.edu.mx\/web\/wp-content\/uploads\/2015\/11\/pdf_logo.png 256w, http:\/\/cidte.uaz.edu.mx\/web\/wp-content\/uploads\/2015\/11\/pdf_logo-150x150.png 150w, http:\/\/cidte.uaz.edu.mx\/web\/wp-content\/uploads\/2015\/11\/pdf_logo-100x100.png 100w, http:\/\/cidte.uaz.edu.mx\/web\/wp-content\/uploads\/2015\/11\/pdf_logo-200x200.png 200w\" sizes=\"(max-width: 108px) 100vw, 108px\" \/><\/a><\/figure><\/div>\n","protected":false},"excerpt":{"rendered":"<p>Cristian Eduardo Boyain y Goytia Luna Obtuvo los grados de Ingeniero en Computaci\u00f3n por la Universidad Aut\u00f3noma de Zacatecas (UAZ) en el 2006, Maestr\u00eda y Doctorado en Ciencias en la especialidad de ingenier\u00eda el\u00e9ctrica en el Centro de Investigaci\u00f3n y &hellip;<\/p>\n<p class=\"read-more\"> <a class=\"more-link\" href=\"http:\/\/cidte.uaz.edu.mx\/web\/index.php\/equipo-de-trabajo\/dr-cristian-eduardo-boyain-y-goitia-luna-2\/\"> <span class=\"screen-reader-text\">Dr. Cristian Eduardo Boyain y Goitia Luna<\/span> Leer m\u00e1s \u00bb<\/a><\/p>\n","protected":false},"author":4,"featured_media":0,"parent":43,"menu_order":0,"comment_status":"closed","ping_status":"closed","template":"full-width-page.php","meta":[],"_links":{"self":[{"href":"http:\/\/cidte.uaz.edu.mx\/web\/index.php\/wp-json\/wp\/v2\/pages\/753"}],"collection":[{"href":"http:\/\/cidte.uaz.edu.mx\/web\/index.php\/wp-json\/wp\/v2\/pages"}],"about":[{"href":"http:\/\/cidte.uaz.edu.mx\/web\/index.php\/wp-json\/wp\/v2\/types\/page"}],"author":[{"embeddable":true,"href":"http:\/\/cidte.uaz.edu.mx\/web\/index.php\/wp-json\/wp\/v2\/users\/4"}],"replies":[{"embeddable":true,"href":"http:\/\/cidte.uaz.edu.mx\/web\/index.php\/wp-json\/wp\/v2\/comments?post=753"}],"version-history":[{"count":3,"href":"http:\/\/cidte.uaz.edu.mx\/web\/index.php\/wp-json\/wp\/v2\/pages\/753\/revisions"}],"predecessor-version":[{"id":764,"href":"http:\/\/cidte.uaz.edu.mx\/web\/index.php\/wp-json\/wp\/v2\/pages\/753\/revisions\/764"}],"up":[{"embeddable":true,"href":"http:\/\/cidte.uaz.edu.mx\/web\/index.php\/wp-json\/wp\/v2\/pages\/43"}],"wp:attachment":[{"href":"http:\/\/cidte.uaz.edu.mx\/web\/index.php\/wp-json\/wp\/v2\/media?parent=753"}],"curies":[{"name":"wp","href":"https:\/\/api.w.org\/{rel}","templated":true}]}}