{"id":757,"date":"2020-06-16T19:37:40","date_gmt":"2020-06-17T01:37:40","guid":{"rendered":"http:\/\/cidte.uaz.edu.mx\/web\/?page_id=757"},"modified":"2020-06-16T20:20:03","modified_gmt":"2020-06-17T02:20:03","slug":"dr-raul-chavez-romero","status":"publish","type":"page","link":"http:\/\/cidte.uaz.edu.mx\/web\/index.php\/equipo-de-trabajo\/dr-raul-chavez-romero\/","title":{"rendered":"Dr. Ra\u00fal Ch\u00e1vez Romero"},"content":{"rendered":"<p>Ra\u00fal Ch\u00e1vez Romero, Ingeniero Mec\u00e1nico egresado de la UAZ en 2003, Maestro en Ciencias de la Instrumentaci\u00f3n y Control con especialidad en Mecatr\u00f3nica egresado de la UAQ en 2010, Doctor en Ingenier\u00eda Mec\u00e1nica con especialidad en Mecatr\u00f3nica y Sistemas Mec\u00e1nicos egresado de la UASLP en 2015. Actualmente es Docente-Investigador del Programa de Ingenier\u00eda Mec\u00e1nica de la UAZ. Sus intereses de investigaci\u00f3n son: din\u00e1mica de sistemas mec\u00e1nicos y biomec\u00e1nicos, rob\u00f3tica fija y m\u00f3vil, dise\u00f1o mec\u00e1nico, control basado en visi\u00f3n. Miembro de la SOMIM-ASME y revisor de ASME IMECE 2020<\/p>\n<p><a href=\"http:\/\/cidte.uaz.edu.mx\/web\/wp-content\/uploads\/2020\/06\/Dr.RaulChavezRomero.pdf\"><img loading=\"lazy\" class=\"aligncenter wp-image-100\" src=\"http:\/\/cidte.reduaz.mx\/web\/wp-content\/uploads\/2015\/11\/pdf_logo.png\" alt=\"pdf_logo\" width=\"108\" height=\"108\" srcset=\"http:\/\/cidte.uaz.edu.mx\/web\/wp-content\/uploads\/2015\/11\/pdf_logo.png 256w, http:\/\/cidte.uaz.edu.mx\/web\/wp-content\/uploads\/2015\/11\/pdf_logo-150x150.png 150w, http:\/\/cidte.uaz.edu.mx\/web\/wp-content\/uploads\/2015\/11\/pdf_logo-100x100.png 100w, http:\/\/cidte.uaz.edu.mx\/web\/wp-content\/uploads\/2015\/11\/pdf_logo-200x200.png 200w\" sizes=\"(max-width: 108px) 100vw, 108px\" \/><\/a><\/p>\n","protected":false},"excerpt":{"rendered":"<p>Ra\u00fal Ch\u00e1vez Romero, Ingeniero Mec\u00e1nico egresado de la UAZ en 2003, Maestro en Ciencias de la Instrumentaci\u00f3n y Control con especialidad en Mecatr\u00f3nica egresado de la UAQ en 2010, Doctor en Ingenier\u00eda Mec\u00e1nica con especialidad en Mecatr\u00f3nica y Sistemas Mec\u00e1nicos &hellip;<\/p>\n<p class=\"read-more\"> <a class=\"more-link\" href=\"http:\/\/cidte.uaz.edu.mx\/web\/index.php\/equipo-de-trabajo\/dr-raul-chavez-romero\/\"> <span class=\"screen-reader-text\">Dr. Ra\u00fal Ch\u00e1vez Romero<\/span> Leer m\u00e1s \u00bb<\/a><\/p>\n","protected":false},"author":4,"featured_media":0,"parent":43,"menu_order":0,"comment_status":"closed","ping_status":"closed","template":"full-width-page.php","meta":[],"_links":{"self":[{"href":"http:\/\/cidte.uaz.edu.mx\/web\/index.php\/wp-json\/wp\/v2\/pages\/757"}],"collection":[{"href":"http:\/\/cidte.uaz.edu.mx\/web\/index.php\/wp-json\/wp\/v2\/pages"}],"about":[{"href":"http:\/\/cidte.uaz.edu.mx\/web\/index.php\/wp-json\/wp\/v2\/types\/page"}],"author":[{"embeddable":true,"href":"http:\/\/cidte.uaz.edu.mx\/web\/index.php\/wp-json\/wp\/v2\/users\/4"}],"replies":[{"embeddable":true,"href":"http:\/\/cidte.uaz.edu.mx\/web\/index.php\/wp-json\/wp\/v2\/comments?post=757"}],"version-history":[{"count":4,"href":"http:\/\/cidte.uaz.edu.mx\/web\/index.php\/wp-json\/wp\/v2\/pages\/757\/revisions"}],"predecessor-version":[{"id":770,"href":"http:\/\/cidte.uaz.edu.mx\/web\/index.php\/wp-json\/wp\/v2\/pages\/757\/revisions\/770"}],"up":[{"embeddable":true,"href":"http:\/\/cidte.uaz.edu.mx\/web\/index.php\/wp-json\/wp\/v2\/pages\/43"}],"wp:attachment":[{"href":"http:\/\/cidte.uaz.edu.mx\/web\/index.php\/wp-json\/wp\/v2\/media?parent=757"}],"curies":[{"name":"wp","href":"https:\/\/api.w.org\/{rel}","templated":true}]}}