{"id":77,"date":"2015-11-10T05:18:43","date_gmt":"2015-11-10T11:18:43","guid":{"rendered":"http:\/\/cidte.reduaz.mx\/web\/?page_id=77"},"modified":"2019-01-16T20:20:08","modified_gmt":"2019-01-17T02:20:08","slug":"contacto","status":"publish","type":"page","link":"http:\/\/cidte.uaz.edu.mx\/web\/index.php\/contacto\/","title":{"rendered":"Contacto"},"content":{"rendered":"<div style=\"align: center;\">\n<div style=\"border-radius: 8px; background-color: #f2f2f2; border: 1px solid silver; padding: 5px; float: left; width: 330px;\">\n<p style=\"text-align: center;\"><b>Centro de Investigaci\u00f3n, Innovaci\u00f3n y Desarrollo en TElecomunicaciones (CIDTE)<\/b><br \/>\n<b>Unidad Acad\u00e9mica de Ingenier\u00eda El\u00e9ctrica<\/b><br \/>\n<b>Universidad Aut\u00f3noma de Zacatecas<\/b><\/p>\n<p style=\"margin-left: 10px; margin-top: 25px;\">1.- Dr. Jorge Flores Troncoso<br \/>\n<span style=\"margin-left: 25px;\">correo: jflorest@uaz.edu.mx<\/span><br \/>\n<span style=\"margin-left: 25px;\">+52 (492) 925 6690 ext. 4001<\/span><\/p>\n<p style=\"margin-left: 10px;\">2.- Recepci\u00f3n<br \/>\ncorreo: cidte@uaz.edu.mx<br \/>\n+52 (492) 925 6690 ext. 4012<\/p>\n<p>Calle Lopez Velarde #801 CP. 98000 Col Centro<\/p>\n<p>Zacatecas, Zac. M\u00e9xico<\/p>\n<p style=\"margin-left: 10px;\"><span style=\"color: #3366ff;\">Coordenadas:\u00a0<a class=\"widget-reveal-card-lat-lng\" style=\"color: #3366ff;\">22.768589, -102.563869<\/a><\/span><\/p>\n<\/div>\n<div style=\"text-align: center; float: left; margin-left: 35px;\"><iframe loading=\"lazy\" style=\"border: 0;\" src=\"https:\/\/www.google.com\/maps\/embed?pb=!1m18!1m12!1m3!1d1049.5300696263737!2d-102.563914!3d22.768588000000012!2m3!1f0!2f0!3f0!3m2!1i1024!2i768!4f13.1!3m3!1m2!1s0x0%3A0x0!2zMjLCsDQ2JzA2LjkiTiAxMDLCsDMzJzUwLjEiVw!5e1!3m2!1ses!2smx!4v1430028365351\" width=\"500\" height=\"450\" frameborder=\"0\"><br \/>\n<\/iframe><\/div>\n<\/div>\n","protected":false},"excerpt":{"rendered":"<p>Centro de Investigaci\u00f3n, Innovaci\u00f3n y Desarrollo en TElecomunicaciones (CIDTE) Unidad Acad\u00e9mica de Ingenier\u00eda El\u00e9ctrica Universidad Aut\u00f3noma de Zacatecas 1.- Dr. Jorge Flores Troncoso correo: jflorest@uaz.edu.mx +52 (492) 925 6690 ext. 4001 2.- Recepci\u00f3n correo: cidte@uaz.edu.mx +52 (492) 925 6690 ext. &hellip;<\/p>\n<p class=\"read-more\"> <a class=\"more-link\" href=\"http:\/\/cidte.uaz.edu.mx\/web\/index.php\/contacto\/\"> <span class=\"screen-reader-text\">Contacto<\/span> Leer m\u00e1s \u00bb<\/a><\/p>\n","protected":false},"author":2,"featured_media":0,"parent":0,"menu_order":40,"comment_status":"closed","ping_status":"closed","template":"full-width-page.php","meta":[],"_links":{"self":[{"href":"http:\/\/cidte.uaz.edu.mx\/web\/index.php\/wp-json\/wp\/v2\/pages\/77"}],"collection":[{"href":"http:\/\/cidte.uaz.edu.mx\/web\/index.php\/wp-json\/wp\/v2\/pages"}],"about":[{"href":"http:\/\/cidte.uaz.edu.mx\/web\/index.php\/wp-json\/wp\/v2\/types\/page"}],"author":[{"embeddable":true,"href":"http:\/\/cidte.uaz.edu.mx\/web\/index.php\/wp-json\/wp\/v2\/users\/2"}],"replies":[{"embeddable":true,"href":"http:\/\/cidte.uaz.edu.mx\/web\/index.php\/wp-json\/wp\/v2\/comments?post=77"}],"version-history":[{"count":22,"href":"http:\/\/cidte.uaz.edu.mx\/web\/index.php\/wp-json\/wp\/v2\/pages\/77\/revisions"}],"predecessor-version":[{"id":603,"href":"http:\/\/cidte.uaz.edu.mx\/web\/index.php\/wp-json\/wp\/v2\/pages\/77\/revisions\/603"}],"wp:attachment":[{"href":"http:\/\/cidte.uaz.edu.mx\/web\/index.php\/wp-json\/wp\/v2\/media?parent=77"}],"curies":[{"name":"wp","href":"https:\/\/api.w.org\/{rel}","templated":true}]}}