{"id":811,"date":"2022-07-05T08:19:49","date_gmt":"2022-07-05T14:19:49","guid":{"rendered":"http:\/\/cidte.uaz.edu.mx\/web\/?page_id=811"},"modified":"2022-07-05T08:22:54","modified_gmt":"2022-07-05T14:22:54","slug":"mti-jose-ricardo-gomez-rodriguez","status":"publish","type":"page","link":"http:\/\/cidte.uaz.edu.mx\/web\/index.php\/equipo-de-trabajo\/mti-jose-ricardo-gomez-rodriguez\/","title":{"rendered":"MTI Jos\u00e9 Ricardo G\u00f3mez Rodr\u00edguez"},"content":{"rendered":"\n<p>Jos\u00e9 Ricardo G\u00f3mez-Rodr\u00edguez obtuvo los grados de Ingeniero en Sistemas Computacionales por el Instituto Tecnol\u00f3gico de Zacatecas en el 2002, Maestr\u00eda en Tecnolog\u00edas de la Informaci\u00f3n por la Universidad Interamericana para el Desarrollo en el 2015, es Candidato a Doctor en Ingenier\u00eda y Tecnolog\u00eda Aplicada por la Universidad Aut\u00f3noma de Zacatecas. Actualmente es profesor investigador en los programas acad\u00e9micos de licenciatura de Biolog\u00eda, Ciencias Aplicadas y de Ingenier\u00eda en Electr\u00f3nica Industrial as\u00ed como de los programas de maestr\u00eda y doctorado en Ingenier\u00eda para la Innovaci\u00f3n Tecnol\u00f3gica  de la Universidad Aut\u00f3noma de Zacatecas &#8220;Francisco Garc\u00eda Salinas&#8221;.<\/p>\n\n\n\n<p>Ha colaborado en diferentes proyectos de desarrollo tecnol\u00f3gico con entidades nacionales e internacionales. Trabaja actualmente en desarrollos tecnol\u00f3gicos para instituciones privadas y gubernamentales como la Agencia Espacial Mexicana en colaboraci\u00f3n con el Centro Regional De Desarrollo Espacial en el Estado de Zacatecas (CREDES). Sus intereses de investigaci\u00f3n son las<br>Redes y el Internet de las cosas (IoT).<\/p>\n\n\n\n<div class=\"wp-block-file\"><object class=\"wp-block-file__embed\" data=\"http:\/\/cidte.uaz.edu.mx\/web\/wp-content\/uploads\/2022\/07\/MTI-Jose-Ricardo-Gomez-Rodriguez.pdf\" type=\"application\/pdf\" style=\"width:100%;height:600px\" aria-label=\"Incrustado de MTI-Jose-Ricardo-Gomez-Rodriguez.\"><\/object><a id=\"wp-block-file--media-22144606-10f2-441f-b6ff-adc9841ff4a2\" href=\"http:\/\/cidte.uaz.edu.mx\/web\/wp-content\/uploads\/2022\/07\/MTI-Jose-Ricardo-Gomez-Rodriguez.pdf\">MTI-Jose-Ricardo-Gomez-Rodriguez<\/a><a href=\"http:\/\/cidte.uaz.edu.mx\/web\/wp-content\/uploads\/2022\/07\/MTI-Jose-Ricardo-Gomez-Rodriguez.pdf\" class=\"wp-block-file__button\" download aria-describedby=\"wp-block-file--media-22144606-10f2-441f-b6ff-adc9841ff4a2\">Descarga<\/a><\/div>\n","protected":false},"excerpt":{"rendered":"<p>Jos\u00e9 Ricardo G\u00f3mez-Rodr\u00edguez obtuvo los grados de Ingeniero en Sistemas Computacionales por el Instituto Tecnol\u00f3gico de Zacatecas en el 2002, Maestr\u00eda en Tecnolog\u00edas de la Informaci\u00f3n por la Universidad Interamericana para el Desarrollo en el 2015, es Candidato a Doctor &hellip;<\/p>\n<p class=\"read-more\"> <a class=\"more-link\" href=\"http:\/\/cidte.uaz.edu.mx\/web\/index.php\/equipo-de-trabajo\/mti-jose-ricardo-gomez-rodriguez\/\"> <span class=\"screen-reader-text\">MTI Jos\u00e9 Ricardo G\u00f3mez Rodr\u00edguez<\/span> Leer m\u00e1s \u00bb<\/a><\/p>\n","protected":false},"author":1,"featured_media":0,"parent":43,"menu_order":15,"comment_status":"closed","ping_status":"closed","template":"","meta":[],"_links":{"self":[{"href":"http:\/\/cidte.uaz.edu.mx\/web\/index.php\/wp-json\/wp\/v2\/pages\/811"}],"collection":[{"href":"http:\/\/cidte.uaz.edu.mx\/web\/index.php\/wp-json\/wp\/v2\/pages"}],"about":[{"href":"http:\/\/cidte.uaz.edu.mx\/web\/index.php\/wp-json\/wp\/v2\/types\/page"}],"author":[{"embeddable":true,"href":"http:\/\/cidte.uaz.edu.mx\/web\/index.php\/wp-json\/wp\/v2\/users\/1"}],"replies":[{"embeddable":true,"href":"http:\/\/cidte.uaz.edu.mx\/web\/index.php\/wp-json\/wp\/v2\/comments?post=811"}],"version-history":[{"count":2,"href":"http:\/\/cidte.uaz.edu.mx\/web\/index.php\/wp-json\/wp\/v2\/pages\/811\/revisions"}],"predecessor-version":[{"id":816,"href":"http:\/\/cidte.uaz.edu.mx\/web\/index.php\/wp-json\/wp\/v2\/pages\/811\/revisions\/816"}],"up":[{"embeddable":true,"href":"http:\/\/cidte.uaz.edu.mx\/web\/index.php\/wp-json\/wp\/v2\/pages\/43"}],"wp:attachment":[{"href":"http:\/\/cidte.uaz.edu.mx\/web\/index.php\/wp-json\/wp\/v2\/media?parent=811"}],"curies":[{"name":"wp","href":"https:\/\/api.w.org\/{rel}","templated":true}]}}