{"id":99,"date":"2015-11-12T07:19:22","date_gmt":"2015-11-12T13:19:22","guid":{"rendered":"http:\/\/cidte.reduaz.mx\/web\/?page_id=99"},"modified":"2020-06-17T20:28:48","modified_gmt":"2020-06-18T02:28:48","slug":"drjuvenal","status":"publish","type":"page","link":"http:\/\/cidte.uaz.edu.mx\/web\/index.php\/equipo-de-trabajo\/drjuvenal\/","title":{"rendered":"Dr. Juvenal Villanueva Maldonado"},"content":{"rendered":"\n<p><\/p>\n\n\n<p style=\"text-align: left;\">Juvenal Villanueva Maldonado es Ingeniero Mec\u00e1nico Electricista en el \u00e1rea de Ingenier\u00eda El\u00e9ctrica y Electr\u00f3nica, egresado de la Universidad Nacional Aut\u00f3noma de M\u00e9xico (UNAM) en el 2002. Realiz\u00f3 sus estudios de Maestr\u00eda y Doctorado en Ingenier\u00eda con la especialidad de Control en el Instituto de Ingenier\u00eda de la UNAM en el 2007 y 2012, respectivamente.<\/p>\n<p style=\"text-align: left;\">Fu\u00e9 Profesor de Asignatura en la Facultad de Ingenier\u00eda de la Universidad Nacional Aut\u00f3noma de M\u00e9xico (FI-UNAM) de 2008 al 2012, Profesor Investigador tipo C en la Universidad Tecnol\u00f3gica del Valle de Toluca en el 2012, imparti\u00f3 catred\u00e1 en la\u00a0 Universidad Aut\u00f3noma de la Ciudad de M\u00e9xico en el 2013 y particip\u00f3 como Investigador Asociado en la Oficina de Transferencia Tecnol\u00f3gica de la empresa Sistemas Industriales Automatizados S.A de C.V. (OTT SIASA) dentro del programa de FORDECYT-DOCTORES durante el periodo de septiembre de 2013 a diciembre del 2014. Durante ese tiempo y en la actualidad sigue participando en proyectos de desarrollo tecnol\u00f3gico para la peque\u00f1a y mediana industria en el Estado de Tamaulipas, form\u00f3 parte de la Red de Ingenier\u00eda El\u00e9ctrica y Electr\u00f3nica de Tamaulipas (RED-IEET).<\/p>\n<p style=\"text-align: left;\">A partir de Octubre de 2014 se desarrolla como Investigador C\u00e1tedra CONACYT comisionado al Centro de Investigaci\u00f3n, Innovaci\u00f3n y Desarrollo en Telecomunicaciones (CIDTE) de la Universidad Aut\u00f3noma de Zacatecas (UAZ) donde ha participado y realizado proyectos de desarrollo tecnol\u00f3gico para instituciones privadas y gubernamentales como Lasec Telecomunicaciones (empresa zacatecana) y la Agencia Espacial Mexicana. Actualmente pertenece al Sistema Nacional de Investigadores en el nivel 1.<\/p>\n<p style=\"text-align: left;\">Sus intereses de investigaci\u00f3n son la rob\u00f3tica m\u00f3vil, control y automatizaci\u00f3n de procesos, planificaci\u00f3n de trayectorias, dise\u00f1o electr\u00f3nico para aplicaciones de instrumentaci\u00f3n espacial, biom\u00e9dicas e internet de las cosas, modelado de sistemas din\u00e1micos y aplicaci\u00f3n de la transformada de Hilbert Haung.<\/p>\n<p><a href=\"http:\/\/cidte.uaz.edu.mx\/web\/wp-content\/uploads\/2020\/06\/Dr.JuvenalVillanueva.pdf\"><img loading=\"lazy\" class=\"aligncenter wp-image-100\" src=\"http:\/\/cidte.reduaz.mx\/web\/wp-content\/uploads\/2015\/11\/pdf_logo.png\" alt=\"pdf_logo\" width=\"108\" height=\"108\" srcset=\"http:\/\/cidte.uaz.edu.mx\/web\/wp-content\/uploads\/2015\/11\/pdf_logo.png 256w, http:\/\/cidte.uaz.edu.mx\/web\/wp-content\/uploads\/2015\/11\/pdf_logo-150x150.png 150w, http:\/\/cidte.uaz.edu.mx\/web\/wp-content\/uploads\/2015\/11\/pdf_logo-100x100.png 100w, http:\/\/cidte.uaz.edu.mx\/web\/wp-content\/uploads\/2015\/11\/pdf_logo-200x200.png 200w\" sizes=\"(max-width: 108px) 100vw, 108px\" \/><\/a><\/p>","protected":false},"excerpt":{"rendered":"<p>Juvenal Villanueva Maldonado es Ingeniero Mec\u00e1nico Electricista en el \u00e1rea de Ingenier\u00eda El\u00e9ctrica y Electr\u00f3nica, egresado de la Universidad Nacional Aut\u00f3noma de M\u00e9xico (UNAM) en el 2002. Realiz\u00f3 sus estudios de Maestr\u00eda y Doctorado en Ingenier\u00eda con la especialidad de &hellip;<\/p>\n<p class=\"read-more\"> <a class=\"more-link\" href=\"http:\/\/cidte.uaz.edu.mx\/web\/index.php\/equipo-de-trabajo\/drjuvenal\/\"> <span class=\"screen-reader-text\">Dr. Juvenal Villanueva Maldonado<\/span> Leer m\u00e1s \u00bb<\/a><\/p>\n","protected":false},"author":1,"featured_media":0,"parent":43,"menu_order":80,"comment_status":"closed","ping_status":"closed","template":"full-width-page.php","meta":[],"_links":{"self":[{"href":"http:\/\/cidte.uaz.edu.mx\/web\/index.php\/wp-json\/wp\/v2\/pages\/99"}],"collection":[{"href":"http:\/\/cidte.uaz.edu.mx\/web\/index.php\/wp-json\/wp\/v2\/pages"}],"about":[{"href":"http:\/\/cidte.uaz.edu.mx\/web\/index.php\/wp-json\/wp\/v2\/types\/page"}],"author":[{"embeddable":true,"href":"http:\/\/cidte.uaz.edu.mx\/web\/index.php\/wp-json\/wp\/v2\/users\/1"}],"replies":[{"embeddable":true,"href":"http:\/\/cidte.uaz.edu.mx\/web\/index.php\/wp-json\/wp\/v2\/comments?post=99"}],"version-history":[{"count":14,"href":"http:\/\/cidte.uaz.edu.mx\/web\/index.php\/wp-json\/wp\/v2\/pages\/99\/revisions"}],"predecessor-version":[{"id":802,"href":"http:\/\/cidte.uaz.edu.mx\/web\/index.php\/wp-json\/wp\/v2\/pages\/99\/revisions\/802"}],"up":[{"embeddable":true,"href":"http:\/\/cidte.uaz.edu.mx\/web\/index.php\/wp-json\/wp\/v2\/pages\/43"}],"wp:attachment":[{"href":"http:\/\/cidte.uaz.edu.mx\/web\/index.php\/wp-json\/wp\/v2\/media?parent=99"}],"curies":[{"name":"wp","href":"https:\/\/api.w.org\/{rel}","templated":true}]}}